{"id":15740,"date":"2026-04-10T18:44:01","date_gmt":"2026-04-10T18:44:01","guid":{"rendered":""},"modified":"2026-04-10T18:44:01","modified_gmt":"2026-04-10T18:44:01","slug":"bico-browni-nahast-katised-randmepaelad-metallist-sisestusega-bwe2-brown-50mm-1-31-32","status":"publish","type":"product","link":"https:\/\/bico.ee\/fi\/p\/bico-brown-nahkahihnat-rannekkeet-joissa-metallinen-lisaosa-bwe2-brown-50mm-1-31-32\/","title":{"rendered":"Bico Brown nahkahihnat \/ rannekkeet, joissa metallinen lis\u00e4osa (BWE2 Brown) 50mm 1 31\/32\u2033"},"content":{"rendered":"<p>Aitoa lehm\u00e4nnahkaa, jossa heimojen kuvioita poltettiin kasvoihin, ja suuri metallielementti niitattu p\u00e4\u00e4lle. Saatavana on 3 erilaista niitti\u00e4 eri pituuksien asettamiseen. Koska nahka on luonnontuote, kunkin kappaleen v\u00e4ri ja rakenne eroavat hieman. Kolme niitin asentoa luovat s\u00e4\u00e4dett\u00e4v\u00e4n pituuden: 19, 21 ja 23 cm.<\/p>","protected":false},"excerpt":{"rendered":"<p>BWE2BR 825873052105<\/p>\n","protected":false},"featured_media":10753,"template":"","meta":[],"product_cat":[112],"product_tag":[],"_links":{"self":[{"href":"https:\/\/bico.ee\/fi\/wp-json\/wp\/v2\/product\/15740"}],"collection":[{"href":"https:\/\/bico.ee\/fi\/wp-json\/wp\/v2\/product"}],"about":[{"href":"https:\/\/bico.ee\/fi\/wp-json\/wp\/v2\/types\/product"}],"wp:featuredmedia":[{"embeddable":true,"href":"https:\/\/bico.ee\/fi\/wp-json\/wp\/v2\/media\/10753"}],"wp:attachment":[{"href":"https:\/\/bico.ee\/fi\/wp-json\/wp\/v2\/media?parent=15740"}],"wp:term":[{"taxonomy":"product_cat","embeddable":true,"href":"https:\/\/bico.ee\/fi\/wp-json\/wp\/v2\/product_cat?post=15740"},{"taxonomy":"product_tag","embeddable":true,"href":"https:\/\/bico.ee\/fi\/wp-json\/wp\/v2\/product_tag?post=15740"}],"curies":[{"name":"wp","href":"https:\/\/api.w.org\/{rel}","templated":true}]}}