{"id":15805,"date":"2026-04-10T18:44:01","date_gmt":"2026-04-10T18:44:01","guid":{"rendered":""},"modified":"2026-04-10T18:44:01","modified_gmt":"2026-04-10T18:44:01","slug":"bico-gate-keeper-kaelakee-ja-ripatsite-komplekt-mx1","status":"publish","type":"product","link":"https:\/\/bico.ee\/fi\/p\/bico-gate-keeper-kaulakoru-ja-riipukset-mx1\/","title":{"rendered":"Bico &#8220;Gate Keeper&#8221; kaulakoru ja riipukset (MX1)"},"content":{"rendered":"<p>BICOn ainutlaatuinen l\u00e4hestymistapa sek\u00e4 suunnitteluun ett\u00e4 valmistukseen luo ajattomia koruja sek\u00e4 miehille ett\u00e4 naisille. Nimi: Portinvartija Merkitys: Pit\u00e4\u00e4 sielusi avaimen varmistaa, ett\u00e4 se pysyy ehj\u00e4n\u00e4.<\/p>","protected":false},"excerpt":{"rendered":"<p>MX1 825873058596<\/p>\n","protected":false},"featured_media":10849,"template":"","meta":[],"product_cat":[169],"product_tag":[],"_links":{"self":[{"href":"https:\/\/bico.ee\/fi\/wp-json\/wp\/v2\/product\/15805"}],"collection":[{"href":"https:\/\/bico.ee\/fi\/wp-json\/wp\/v2\/product"}],"about":[{"href":"https:\/\/bico.ee\/fi\/wp-json\/wp\/v2\/types\/product"}],"wp:featuredmedia":[{"embeddable":true,"href":"https:\/\/bico.ee\/fi\/wp-json\/wp\/v2\/media\/10849"}],"wp:attachment":[{"href":"https:\/\/bico.ee\/fi\/wp-json\/wp\/v2\/media?parent=15805"}],"wp:term":[{"taxonomy":"product_cat","embeddable":true,"href":"https:\/\/bico.ee\/fi\/wp-json\/wp\/v2\/product_cat?post=15805"},{"taxonomy":"product_tag","embeddable":true,"href":"https:\/\/bico.ee\/fi\/wp-json\/wp\/v2\/product_tag?post=15805"}],"curies":[{"name":"wp","href":"https:\/\/api.w.org\/{rel}","templated":true}]}}