{"id":15806,"date":"2026-04-24T07:43:59","date_gmt":"2026-04-24T07:43:59","guid":{"rendered":""},"modified":"2026-04-24T07:43:59","modified_gmt":"2026-04-24T07:43:59","slug":"bico-soki-ja-buskini-kaelakee-ja-ripatsite-komplekt-mx2","status":"publish","type":"product","link":"https:\/\/bico.ee\/fi\/p\/bico-sukka-ja-buskin-kaulakoru-ja-riipukset-mx2\/","title":{"rendered":"Bico &#8220;Sukka ja Buskin&#8221; kaulakoru ja riipukset (MX2)"},"content":{"rendered":"<p>BICOn ainutlaatuinen l\u00e4hestymistapa sek\u00e4 suunnitteluun ett\u00e4 valmistukseen luo ajattomia koruja sek\u00e4 miehille ett\u00e4 naisille. Nimi: Sukka ja Buskin Merkitys: Komedia ja tragedia Ihmisen tunteiden kaksinaisuus.<\/p>","protected":false},"excerpt":{"rendered":"<p>MX2 825873058602<\/p>\n","protected":false},"featured_media":10852,"template":"","meta":[],"product_cat":[169],"product_tag":[],"_links":{"self":[{"href":"https:\/\/bico.ee\/fi\/wp-json\/wp\/v2\/product\/15806"}],"collection":[{"href":"https:\/\/bico.ee\/fi\/wp-json\/wp\/v2\/product"}],"about":[{"href":"https:\/\/bico.ee\/fi\/wp-json\/wp\/v2\/types\/product"}],"wp:featuredmedia":[{"embeddable":true,"href":"https:\/\/bico.ee\/fi\/wp-json\/wp\/v2\/media\/10852"}],"wp:attachment":[{"href":"https:\/\/bico.ee\/fi\/wp-json\/wp\/v2\/media?parent=15806"}],"wp:term":[{"taxonomy":"product_cat","embeddable":true,"href":"https:\/\/bico.ee\/fi\/wp-json\/wp\/v2\/product_cat?post=15806"},{"taxonomy":"product_tag","embeddable":true,"href":"https:\/\/bico.ee\/fi\/wp-json\/wp\/v2\/product_tag?post=15806"}],"curies":[{"name":"wp","href":"https:\/\/api.w.org\/{rel}","templated":true}]}}