{"id":15813,"date":"2026-04-10T18:44:02","date_gmt":"2026-04-10T18:44:02","guid":{"rendered":""},"modified":"2026-04-10T18:44:02","modified_gmt":"2026-04-10T18:44:02","slug":"bico-belle-a-blues-kaelakee-ja-ripatsite-komplekt-mx9","status":"publish","type":"product","link":"https:\/\/bico.ee\/fi\/p\/bico-belle-a-blues-kaulakorut-ja-riipukset-mx9\/","title":{"rendered":"Bico &#8220;Belle A Blues&#8221;  kaulakorut ja riipukset (MX9)"},"content":{"rendered":"<p>BICOn ainutlaatuinen l\u00e4hestymistapa sek\u00e4 suunnitteluun ett\u00e4 valmistukseen luo ajattomia koruja sek\u00e4 miehille ett\u00e4 naisille. Nimi: Belle A Blues Merkitys: El\u00e4m\u00e4ss\u00e4 ei ole mit\u00e4\u00e4n varmaa, paitsi kuolema ja verot (ja poikaset kaivaa kirveit\u00e4).<\/p>","protected":false},"excerpt":{"rendered":"<p>MX9 825873058671<\/p>\n","protected":false},"featured_media":10873,"template":"","meta":[],"product_cat":[169],"product_tag":[],"_links":{"self":[{"href":"https:\/\/bico.ee\/fi\/wp-json\/wp\/v2\/product\/15813"}],"collection":[{"href":"https:\/\/bico.ee\/fi\/wp-json\/wp\/v2\/product"}],"about":[{"href":"https:\/\/bico.ee\/fi\/wp-json\/wp\/v2\/types\/product"}],"wp:featuredmedia":[{"embeddable":true,"href":"https:\/\/bico.ee\/fi\/wp-json\/wp\/v2\/media\/10873"}],"wp:attachment":[{"href":"https:\/\/bico.ee\/fi\/wp-json\/wp\/v2\/media?parent=15813"}],"wp:term":[{"taxonomy":"product_cat","embeddable":true,"href":"https:\/\/bico.ee\/fi\/wp-json\/wp\/v2\/product_cat?post=15813"},{"taxonomy":"product_tag","embeddable":true,"href":"https:\/\/bico.ee\/fi\/wp-json\/wp\/v2\/product_tag?post=15813"}],"curies":[{"name":"wp","href":"https:\/\/api.w.org\/{rel}","templated":true}]}}