{"id":15821,"date":"2026-04-10T18:44:02","date_gmt":"2026-04-10T18:44:02","guid":{"rendered":""},"modified":"2026-04-10T18:44:02","modified_gmt":"2026-04-10T18:44:02","slug":"bico-kadunud-rockstar-kaelakee-ja-ripatsid-mx17","status":"publish","type":"product","link":"https:\/\/bico.ee\/fi\/p\/bico-prodigal-rockstar-kaulakoru-ja-riipukset-mx17\/","title":{"rendered":"Bico &#8220;Prodigal Rockstar&#8221;  kaulakoru ja riipukset (MX17)"},"content":{"rendered":"<p>BICOn ainutlaatuinen l\u00e4hestymistapa sek\u00e4 suunnitteluun ett\u00e4 valmistukseen luo ajattomia koruja sek\u00e4 miehille ett\u00e4 naisille. Nimi: Tuhlaajarokkit\u00e4hti Merkitys: El\u00e4m\u00e4 on valtatie ilman merkkej\u00e4 ja poistumisia taivaaseen tai helvettiin.<\/p>","protected":false},"excerpt":{"rendered":"<p>MX17 825873058756<\/p>\n","protected":false},"featured_media":10897,"template":"","meta":[],"product_cat":[169],"product_tag":[],"_links":{"self":[{"href":"https:\/\/bico.ee\/fi\/wp-json\/wp\/v2\/product\/15821"}],"collection":[{"href":"https:\/\/bico.ee\/fi\/wp-json\/wp\/v2\/product"}],"about":[{"href":"https:\/\/bico.ee\/fi\/wp-json\/wp\/v2\/types\/product"}],"wp:featuredmedia":[{"embeddable":true,"href":"https:\/\/bico.ee\/fi\/wp-json\/wp\/v2\/media\/10897"}],"wp:attachment":[{"href":"https:\/\/bico.ee\/fi\/wp-json\/wp\/v2\/media?parent=15821"}],"wp:term":[{"taxonomy":"product_cat","embeddable":true,"href":"https:\/\/bico.ee\/fi\/wp-json\/wp\/v2\/product_cat?post=15821"},{"taxonomy":"product_tag","embeddable":true,"href":"https:\/\/bico.ee\/fi\/wp-json\/wp\/v2\/product_tag?post=15821"}],"curies":[{"name":"wp","href":"https:\/\/api.w.org\/{rel}","templated":true}]}}