{"id":15828,"date":"2026-04-10T18:44:02","date_gmt":"2026-04-10T18:44:02","guid":{"rendered":""},"modified":"2026-04-10T18:44:02","modified_gmt":"2026-04-10T18:44:02","slug":"bico-salakuttide-ja-rahu-kaelakee-ja-ripatsid-mx24","status":"publish","type":"product","link":"https:\/\/bico.ee\/fi\/p\/bico-poachers-peace-kaulakoru-ja-riipukset-mx24\/","title":{"rendered":"Bico &#8220;Poacher&#8221;s &#038; Peace&#8221;  kaulakoru ja riipukset (MX24)"},"content":{"rendered":"<p>BICOn ainutlaatuinen l\u00e4hestymistapa sek\u00e4 suunnitteluun ett\u00e4 valmistukseen luo ajattomia koruja sek\u00e4 miehille ett\u00e4 naisille. Nimi: Salamets\u00e4st\u00e4j\u00e4 ja rauha Merkitys: Aina on sota k\u00e4ynniss\u00e4 ja siit\u00e4 tehd\u00e4\u00e4n rauha.<\/p>","protected":false},"excerpt":{"rendered":"<p>MX24 825873058824<\/p>\n","protected":false},"featured_media":10918,"template":"","meta":[],"product_cat":[169],"product_tag":[],"_links":{"self":[{"href":"https:\/\/bico.ee\/fi\/wp-json\/wp\/v2\/product\/15828"}],"collection":[{"href":"https:\/\/bico.ee\/fi\/wp-json\/wp\/v2\/product"}],"about":[{"href":"https:\/\/bico.ee\/fi\/wp-json\/wp\/v2\/types\/product"}],"wp:featuredmedia":[{"embeddable":true,"href":"https:\/\/bico.ee\/fi\/wp-json\/wp\/v2\/media\/10918"}],"wp:attachment":[{"href":"https:\/\/bico.ee\/fi\/wp-json\/wp\/v2\/media?parent=15828"}],"wp:term":[{"taxonomy":"product_cat","embeddable":true,"href":"https:\/\/bico.ee\/fi\/wp-json\/wp\/v2\/product_cat?post=15828"},{"taxonomy":"product_tag","embeddable":true,"href":"https:\/\/bico.ee\/fi\/wp-json\/wp\/v2\/product_tag?post=15828"}],"curies":[{"name":"wp","href":"https:\/\/api.w.org\/{rel}","templated":true}]}}