{"id":15830,"date":"2026-04-10T18:44:02","date_gmt":"2026-04-10T18:44:02","guid":{"rendered":""},"modified":"2026-04-10T18:44:02","modified_gmt":"2026-04-10T18:44:02","slug":"bico-daytona-diskoriga-kaelakee-ja-komplekt-mx26","status":"publish","type":"product","link":"https:\/\/bico.ee\/fi\/p\/bico-daytona-disc-jockey-kaulakoru-ja-setti-mx26\/","title":{"rendered":"Bico &#8220;Daytona Disc Jockey&#8221; kaulakoru ja setti (MX26)"},"content":{"rendered":"<p>BICOn ainutlaatuinen l\u00e4hestymistapa sek\u00e4 suunnitteluun ett\u00e4 valmistukseen luo ajattomia koruja sek\u00e4 miehille ett\u00e4 naisille. Nimi: Daytona Disc Jockey Merkitys: Maine ja onni ovat kausiluonteisia oikea paikka oikeaan aikaan.<\/p>","protected":false},"excerpt":{"rendered":"<p>MX26 825873058848<\/p>\n","protected":false},"featured_media":10924,"template":"","meta":[],"product_cat":[169],"product_tag":[],"_links":{"self":[{"href":"https:\/\/bico.ee\/fi\/wp-json\/wp\/v2\/product\/15830"}],"collection":[{"href":"https:\/\/bico.ee\/fi\/wp-json\/wp\/v2\/product"}],"about":[{"href":"https:\/\/bico.ee\/fi\/wp-json\/wp\/v2\/types\/product"}],"wp:featuredmedia":[{"embeddable":true,"href":"https:\/\/bico.ee\/fi\/wp-json\/wp\/v2\/media\/10924"}],"wp:attachment":[{"href":"https:\/\/bico.ee\/fi\/wp-json\/wp\/v2\/media?parent=15830"}],"wp:term":[{"taxonomy":"product_cat","embeddable":true,"href":"https:\/\/bico.ee\/fi\/wp-json\/wp\/v2\/product_cat?post=15830"},{"taxonomy":"product_tag","embeddable":true,"href":"https:\/\/bico.ee\/fi\/wp-json\/wp\/v2\/product_tag?post=15830"}],"curies":[{"name":"wp","href":"https:\/\/api.w.org\/{rel}","templated":true}]}}