{"id":15834,"date":"2026-04-24T07:43:59","date_gmt":"2026-04-24T07:43:59","guid":{"rendered":""},"modified":"2026-04-24T07:43:59","modified_gmt":"2026-04-24T07:43:59","slug":"bico-coupe-d-etat-kaelakee-ja-ripatsite-komplekt-mx30","status":"publish","type":"product","link":"https:\/\/bico.ee\/fi\/p\/bico-coupe-detat-kaulakorut-ja-riipukset-mx30\/","title":{"rendered":"Bico &#8220;Coupe D&#8221;Etat&#8221; kaulakorut ja riipukset (MX30)"},"content":{"rendered":"<p>BICOn ainutlaatuinen l\u00e4hestymistapa sek\u00e4 suunnitteluun ett\u00e4 valmistukseen luo ajattomia koruja sek\u00e4 miehille ett\u00e4 naisille. Nimi: Coupe D&#8217;Etat Merkitys: Tavoitteiden potkiminen, suurten puiden kaataminen, Eye On Top Spot.<\/p>","protected":false},"excerpt":{"rendered":"<p>MX30 825873058886<\/p>\n","protected":false},"featured_media":10935,"template":"","meta":[],"product_cat":[169],"product_tag":[],"_links":{"self":[{"href":"https:\/\/bico.ee\/fi\/wp-json\/wp\/v2\/product\/15834"}],"collection":[{"href":"https:\/\/bico.ee\/fi\/wp-json\/wp\/v2\/product"}],"about":[{"href":"https:\/\/bico.ee\/fi\/wp-json\/wp\/v2\/types\/product"}],"wp:featuredmedia":[{"embeddable":true,"href":"https:\/\/bico.ee\/fi\/wp-json\/wp\/v2\/media\/10935"}],"wp:attachment":[{"href":"https:\/\/bico.ee\/fi\/wp-json\/wp\/v2\/media?parent=15834"}],"wp:term":[{"taxonomy":"product_cat","embeddable":true,"href":"https:\/\/bico.ee\/fi\/wp-json\/wp\/v2\/product_cat?post=15834"},{"taxonomy":"product_tag","embeddable":true,"href":"https:\/\/bico.ee\/fi\/wp-json\/wp\/v2\/product_tag?post=15834"}],"curies":[{"name":"wp","href":"https:\/\/api.w.org\/{rel}","templated":true}]}}