{"id":15837,"date":"2026-04-10T18:44:02","date_gmt":"2026-04-10T18:44:02","guid":{"rendered":""},"modified":"2026-04-10T18:44:02","modified_gmt":"2026-04-10T18:44:02","slug":"bico-whisky-petei-kaelakee-ja-ripatsite-komplekt-mx33","status":"publish","type":"product","link":"https:\/\/bico.ee\/fi\/p\/bico-whisky-pete-kaulakoru-ja-riipukset-mx33\/","title":{"rendered":"Bico &#8220;Whisky Pete&#8221; kaulakoru ja riipukset (MX33)"},"content":{"rendered":"<p>BICOn ainutlaatuinen l\u00e4hestymistapa sek\u00e4 suunnitteluun ett\u00e4 valmistukseen luo ajattomia koruja sek\u00e4 miehille ett\u00e4 naisille. Nimi: Whisky Pete Merkitys: Ennen kuin osut suureen esitykseen, on aina pieni yll\u00e4tys.<\/p>","protected":false},"excerpt":{"rendered":"<p>MX33 825873058916<\/p>\n","protected":false},"featured_media":10944,"template":"","meta":[],"product_cat":[169],"product_tag":[],"_links":{"self":[{"href":"https:\/\/bico.ee\/fi\/wp-json\/wp\/v2\/product\/15837"}],"collection":[{"href":"https:\/\/bico.ee\/fi\/wp-json\/wp\/v2\/product"}],"about":[{"href":"https:\/\/bico.ee\/fi\/wp-json\/wp\/v2\/types\/product"}],"wp:featuredmedia":[{"embeddable":true,"href":"https:\/\/bico.ee\/fi\/wp-json\/wp\/v2\/media\/10944"}],"wp:attachment":[{"href":"https:\/\/bico.ee\/fi\/wp-json\/wp\/v2\/media?parent=15837"}],"wp:term":[{"taxonomy":"product_cat","embeddable":true,"href":"https:\/\/bico.ee\/fi\/wp-json\/wp\/v2\/product_cat?post=15837"},{"taxonomy":"product_tag","embeddable":true,"href":"https:\/\/bico.ee\/fi\/wp-json\/wp\/v2\/product_tag?post=15837"}],"curies":[{"name":"wp","href":"https:\/\/api.w.org\/{rel}","templated":true}]}}