{"id":16086,"date":"2026-04-10T18:44:03","date_gmt":"2026-04-10T18:44:03","guid":{"rendered":""},"modified":"2026-04-10T18:44:03","modified_gmt":"2026-04-10T18:44:03","slug":"bico-thori-haamri-ripats-satiinviimistluses-e337","status":"publish","type":"product","link":"https:\/\/bico.ee\/fi\/p\/bico-thorin-vasara-riipus-satiinipinnoitteella-e337\/","title":{"rendered":"Bico &#8220;Thorin vasara&#8221; riipus satiinipinnoitteella (E337)"},"content":{"rendered":"<p>Osa Bicon ajatonta kuvaketta. Nimi: Thorin vasara Merkitys: voittaa taisteluja, j\u00e4tt\u00e4\u00e4 j\u00e4lkesi, voittaa Alkuper\u00e4inen Bico -suunniteltu riipus ainutlaatuisella hapettuneella mattahopealla. . Riipuksen leveys: 2,4 cm Pituus: 2,7 cm<\/p>","protected":false},"excerpt":{"rendered":"<p>E337 825873074503<\/p>\n","protected":false},"featured_media":11277,"template":"","meta":[],"product_cat":[277,300],"product_tag":[],"_links":{"self":[{"href":"https:\/\/bico.ee\/fi\/wp-json\/wp\/v2\/product\/16086"}],"collection":[{"href":"https:\/\/bico.ee\/fi\/wp-json\/wp\/v2\/product"}],"about":[{"href":"https:\/\/bico.ee\/fi\/wp-json\/wp\/v2\/types\/product"}],"wp:featuredmedia":[{"embeddable":true,"href":"https:\/\/bico.ee\/fi\/wp-json\/wp\/v2\/media\/11277"}],"wp:attachment":[{"href":"https:\/\/bico.ee\/fi\/wp-json\/wp\/v2\/media?parent=16086"}],"wp:term":[{"taxonomy":"product_cat","embeddable":true,"href":"https:\/\/bico.ee\/fi\/wp-json\/wp\/v2\/product_cat?post=16086"},{"taxonomy":"product_tag","embeddable":true,"href":"https:\/\/bico.ee\/fi\/wp-json\/wp\/v2\/product_tag?post=16086"}],"curies":[{"name":"wp","href":"https:\/\/api.w.org\/{rel}","templated":true}]}}