{"id":16088,"date":"2026-04-10T18:44:03","date_gmt":"2026-04-10T18:44:03","guid":{"rendered":""},"modified":"2026-04-10T18:44:03","modified_gmt":"2026-04-10T18:44:03","slug":"bico-trichronos-ripats-satiinviimistlusega-e339","status":"publish","type":"product","link":"https:\/\/bico.ee\/fi\/p\/bico-trichronos-riipus-satiinipinnoitteella-e339\/","title":{"rendered":"Bico &#8220;Trichronos&#8221; riipus satiinipinnoitteella (E339)"},"content":{"rendered":"<p>Osa Bicon ajatonta kuvaketta. Nimi: Trichronos Merkitys: yhteys menneen, nykyisen ja tulevan v\u00e4lill\u00e4 Alkuper\u00e4inen Bico -suunniteltu riipus ainutlaatuisella hapettuneella mattahopealla. . Riipuksen leveys: 2 cm Pituus: 2,2 cm<\/p>","protected":false},"excerpt":{"rendered":"<p>E339 825873074527<\/p>\n","protected":false},"featured_media":11283,"template":"","meta":[],"product_cat":[277,300],"product_tag":[],"_links":{"self":[{"href":"https:\/\/bico.ee\/fi\/wp-json\/wp\/v2\/product\/16088"}],"collection":[{"href":"https:\/\/bico.ee\/fi\/wp-json\/wp\/v2\/product"}],"about":[{"href":"https:\/\/bico.ee\/fi\/wp-json\/wp\/v2\/types\/product"}],"wp:featuredmedia":[{"embeddable":true,"href":"https:\/\/bico.ee\/fi\/wp-json\/wp\/v2\/media\/11283"}],"wp:attachment":[{"href":"https:\/\/bico.ee\/fi\/wp-json\/wp\/v2\/media?parent=16088"}],"wp:term":[{"taxonomy":"product_cat","embeddable":true,"href":"https:\/\/bico.ee\/fi\/wp-json\/wp\/v2\/product_cat?post=16088"},{"taxonomy":"product_tag","embeddable":true,"href":"https:\/\/bico.ee\/fi\/wp-json\/wp\/v2\/product_tag?post=16088"}],"curies":[{"name":"wp","href":"https:\/\/api.w.org\/{rel}","templated":true}]}}