{"id":16091,"date":"2026-04-10T18:44:03","date_gmt":"2026-04-10T18:44:03","guid":{"rendered":""},"modified":"2026-04-10T18:44:03","modified_gmt":"2026-04-10T18:44:03","slug":"bico-infinitus-ripats-satiinviimistlusega-e342","status":"publish","type":"product","link":"https:\/\/bico.ee\/fi\/p\/bico-infinitus-riipus-satiinipinnoitteella-e342\/","title":{"rendered":"Bico &#8220;Infinitus&#8221; riipus satiinipinnoitteella (E342)"},"content":{"rendered":"<p>Osa Bicon ajatonta kuvaketta. Nimi: Infinitus Merkitys: yhten\u00e4isyys ja ikuisuus, mit\u00e4 silm\u00e4 ei n\u00e4e, loputtomia uskomuksia ja l\u00f6yt\u00f6j\u00e4 Alkuper\u00e4inen Bico -suunniteltu riipus ainutlaatuisella hapettuneella mattahopealla. . Riipuksen leveys: 1,8 cm Pituus: 3,5 cm<\/p>","protected":false},"excerpt":{"rendered":"<p>E342 825873074558<\/p>\n","protected":false},"featured_media":11294,"template":"","meta":[],"product_cat":[277,300],"product_tag":[],"_links":{"self":[{"href":"https:\/\/bico.ee\/fi\/wp-json\/wp\/v2\/product\/16091"}],"collection":[{"href":"https:\/\/bico.ee\/fi\/wp-json\/wp\/v2\/product"}],"about":[{"href":"https:\/\/bico.ee\/fi\/wp-json\/wp\/v2\/types\/product"}],"wp:featuredmedia":[{"embeddable":true,"href":"https:\/\/bico.ee\/fi\/wp-json\/wp\/v2\/media\/11294"}],"wp:attachment":[{"href":"https:\/\/bico.ee\/fi\/wp-json\/wp\/v2\/media?parent=16091"}],"wp:term":[{"taxonomy":"product_cat","embeddable":true,"href":"https:\/\/bico.ee\/fi\/wp-json\/wp\/v2\/product_cat?post=16091"},{"taxonomy":"product_tag","embeddable":true,"href":"https:\/\/bico.ee\/fi\/wp-json\/wp\/v2\/product_tag?post=16091"}],"curies":[{"name":"wp","href":"https:\/\/api.w.org\/{rel}","templated":true}]}}