{"id":16092,"date":"2026-04-10T18:44:03","date_gmt":"2026-04-10T18:44:03","guid":{"rendered":""},"modified":"2026-04-10T18:44:03","modified_gmt":"2026-04-10T18:44:03","slug":"bico-elupuu-ripats-satiinviimistlusega-e343","status":"publish","type":"product","link":"https:\/\/bico.ee\/fi\/p\/bico-tree-of-life-riipus-satiinipinnoitteella-e343\/","title":{"rendered":"Bico &#8220;Tree of Life&#8221; riipus satiinipinnoitteella (E343)"},"content":{"rendered":"<p>Osa Bicon ajatonta kuvaketta. Nimi: El\u00e4m\u00e4n puu Merkitys: muinaiset totuudet, jumalallisen yhteys ihmisen syd\u00e4meen Alkuper\u00e4inen Bico -suunniteltu riipus ainutlaatuisella hapettuneella mattahopealla. . Riipuksen leveys: 2,5 cm Pituus: 2,6 cm<\/p>","protected":false},"excerpt":{"rendered":"<p>E343 825873074565<\/p>\n","protected":false},"featured_media":11299,"template":"","meta":[],"product_cat":[277,300],"product_tag":[],"_links":{"self":[{"href":"https:\/\/bico.ee\/fi\/wp-json\/wp\/v2\/product\/16092"}],"collection":[{"href":"https:\/\/bico.ee\/fi\/wp-json\/wp\/v2\/product"}],"about":[{"href":"https:\/\/bico.ee\/fi\/wp-json\/wp\/v2\/types\/product"}],"wp:featuredmedia":[{"embeddable":true,"href":"https:\/\/bico.ee\/fi\/wp-json\/wp\/v2\/media\/11299"}],"wp:attachment":[{"href":"https:\/\/bico.ee\/fi\/wp-json\/wp\/v2\/media?parent=16092"}],"wp:term":[{"taxonomy":"product_cat","embeddable":true,"href":"https:\/\/bico.ee\/fi\/wp-json\/wp\/v2\/product_cat?post=16092"},{"taxonomy":"product_tag","embeddable":true,"href":"https:\/\/bico.ee\/fi\/wp-json\/wp\/v2\/product_tag?post=16092"}],"curies":[{"name":"wp","href":"https:\/\/api.w.org\/{rel}","templated":true}]}}