{"id":16096,"date":"2026-04-10T18:44:03","date_gmt":"2026-04-10T18:44:03","guid":{"rendered":""},"modified":"2026-04-10T18:44:03","modified_gmt":"2026-04-10T18:44:03","slug":"bico-yin-yan-yin-ja-yang-ripats-satiinviimistluses-e347","status":"publish","type":"product","link":"https:\/\/bico.ee\/fi\/p\/bico-yin-yan-yin-ja-yang-riipus-satiinipinnoitteella-e347\/","title":{"rendered":"Bico &#8220;Yin &#038; Yan&#8221; Yin ja Yang riipus satiinipinnoitteella (E347)"},"content":{"rendered":"<p>Osa Bicon ajatonta kuvaketta. Nimi: Yin &#038; Yang Merkitys: tasapaino ja viimeistely, syvemm\u00e4ss\u00e4 ymm\u00e4rryksess\u00e4 ja her\u00e4\u00e4misess\u00e4 Alkuper\u00e4inen Bico -suunniteltu riipus ainutlaatuisella hapettuneella mattahopealla. . Riipuksen leveys: 2,4 cm Pituus: 2,4 cm<\/p>","protected":false},"excerpt":{"rendered":"<p>E347 825873074602<\/p>\n","protected":false},"featured_media":11311,"template":"","meta":[],"product_cat":[277,300],"product_tag":[],"_links":{"self":[{"href":"https:\/\/bico.ee\/fi\/wp-json\/wp\/v2\/product\/16096"}],"collection":[{"href":"https:\/\/bico.ee\/fi\/wp-json\/wp\/v2\/product"}],"about":[{"href":"https:\/\/bico.ee\/fi\/wp-json\/wp\/v2\/types\/product"}],"wp:featuredmedia":[{"embeddable":true,"href":"https:\/\/bico.ee\/fi\/wp-json\/wp\/v2\/media\/11311"}],"wp:attachment":[{"href":"https:\/\/bico.ee\/fi\/wp-json\/wp\/v2\/media?parent=16096"}],"wp:term":[{"taxonomy":"product_cat","embeddable":true,"href":"https:\/\/bico.ee\/fi\/wp-json\/wp\/v2\/product_cat?post=16096"},{"taxonomy":"product_tag","embeddable":true,"href":"https:\/\/bico.ee\/fi\/wp-json\/wp\/v2\/product_tag?post=16096"}],"curies":[{"name":"wp","href":"https:\/\/api.w.org\/{rel}","templated":true}]}}