{"id":16097,"date":"2026-04-10T18:44:03","date_gmt":"2026-04-10T18:44:03","guid":{"rendered":""},"modified":"2026-04-10T18:44:03","modified_gmt":"2026-04-10T18:44:03","slug":"bico-soluna-paikese-ja-kuu-ripats-satiinviimistlusega-e348","status":"publish","type":"product","link":"https:\/\/bico.ee\/fi\/p\/bico-soluna-auringon-ja-kuun-riipus-satiinipinnoitteella-e348\/","title":{"rendered":"Bico &#8220;Soluna&#8221; auringon ja kuun riipus satiinipinnoitteella (E348)"},"content":{"rendered":"<p>Osa Bicon ajatonta kuvaketta. Nimi: Soluna Merkitys: harmonia, yhten\u00e4isyys monimuotoisuudessa, vastakohtien yhdist\u00e4minen Alkuper\u00e4inen Bico -suunniteltu riipus ainutlaatuisella hapettuneella mattahopealla. . Riipuksen leveys: 2,3 cm Pituus: 2,4 cm<\/p>","protected":false},"excerpt":{"rendered":"<p>E348 825873074619<\/p>\n","protected":false},"featured_media":11314,"template":"","meta":[],"product_cat":[277,300],"product_tag":[],"_links":{"self":[{"href":"https:\/\/bico.ee\/fi\/wp-json\/wp\/v2\/product\/16097"}],"collection":[{"href":"https:\/\/bico.ee\/fi\/wp-json\/wp\/v2\/product"}],"about":[{"href":"https:\/\/bico.ee\/fi\/wp-json\/wp\/v2\/types\/product"}],"wp:featuredmedia":[{"embeddable":true,"href":"https:\/\/bico.ee\/fi\/wp-json\/wp\/v2\/media\/11314"}],"wp:attachment":[{"href":"https:\/\/bico.ee\/fi\/wp-json\/wp\/v2\/media?parent=16097"}],"wp:term":[{"taxonomy":"product_cat","embeddable":true,"href":"https:\/\/bico.ee\/fi\/wp-json\/wp\/v2\/product_cat?post=16097"},{"taxonomy":"product_tag","embeddable":true,"href":"https:\/\/bico.ee\/fi\/wp-json\/wp\/v2\/product_tag?post=16097"}],"curies":[{"name":"wp","href":"https:\/\/api.w.org\/{rel}","templated":true}]}}