{"id":16100,"date":"2026-04-10T18:44:03","date_gmt":"2026-04-10T18:44:03","guid":{"rendered":""},"modified":"2026-04-10T18:44:03","modified_gmt":"2026-04-10T18:44:03","slug":"bico-wishbone-ripats-satiinviimistlusega-e351","status":"publish","type":"product","link":"https:\/\/bico.ee\/fi\/p\/bico-wishbone-riipus-satiinipinnoitteella-e351\/","title":{"rendered":"Bico &#8220;Wishbone&#8221; riipus satiinipinnoitteella (E351)"},"content":{"rendered":"<p>Osa Bicon ajatonta kuvaketta. Nimi: Tukivarsi Merkitys: s\u00e4rkym\u00e4t\u00f6n toive Alkuper\u00e4inen Bico -suunniteltu riipus ainutlaatuisella hapettuneella mattahopealla. . Riipuksen leveys: 2,3 cm Pituus: 2,4 cm<\/p>","protected":false},"excerpt":{"rendered":"<p>E351 825873074640<\/p>\n","protected":false},"featured_media":11323,"template":"","meta":[],"product_cat":[277,300],"product_tag":[],"_links":{"self":[{"href":"https:\/\/bico.ee\/fi\/wp-json\/wp\/v2\/product\/16100"}],"collection":[{"href":"https:\/\/bico.ee\/fi\/wp-json\/wp\/v2\/product"}],"about":[{"href":"https:\/\/bico.ee\/fi\/wp-json\/wp\/v2\/types\/product"}],"wp:featuredmedia":[{"embeddable":true,"href":"https:\/\/bico.ee\/fi\/wp-json\/wp\/v2\/media\/11323"}],"wp:attachment":[{"href":"https:\/\/bico.ee\/fi\/wp-json\/wp\/v2\/media?parent=16100"}],"wp:term":[{"taxonomy":"product_cat","embeddable":true,"href":"https:\/\/bico.ee\/fi\/wp-json\/wp\/v2\/product_cat?post=16100"},{"taxonomy":"product_tag","embeddable":true,"href":"https:\/\/bico.ee\/fi\/wp-json\/wp\/v2\/product_tag?post=16100"}],"curies":[{"name":"wp","href":"https:\/\/api.w.org\/{rel}","templated":true}]}}