{"id":16102,"date":"2026-04-10T18:44:03","date_gmt":"2026-04-10T18:44:03","guid":{"rendered":""},"modified":"2026-04-10T18:44:03","modified_gmt":"2026-04-10T18:44:03","slug":"bico-key-de-couer-ripats-satiinviimistlusega-e215","status":"publish","type":"product","link":"https:\/\/bico.ee\/fi\/p\/bico-key-de-couer-riipus-satiinipinnoitteella-e215\/","title":{"rendered":"Bico &#8220;Key De Couer&#8221; riipus satiinipinnoitteella (E215)"},"content":{"rendered":"<p>Osa Bicon ajatonta kuvaketta. Nimi: Key De Couer Merkitys: avain el\u00e4m\u00e4\u00e4n, tietoon ja aloitteeseen Alkuper\u00e4inen Bico -riipus, jossa on ainutlaatuinen hapettunut mattahopea. . Riipuksen leveys: 1,3 cm Pituus: 2,4 cm<\/p>","protected":false},"excerpt":{"rendered":"<p>E215 825873074664<\/p>\n","protected":false},"featured_media":11329,"template":"","meta":[],"product_cat":[277,300],"product_tag":[],"_links":{"self":[{"href":"https:\/\/bico.ee\/fi\/wp-json\/wp\/v2\/product\/16102"}],"collection":[{"href":"https:\/\/bico.ee\/fi\/wp-json\/wp\/v2\/product"}],"about":[{"href":"https:\/\/bico.ee\/fi\/wp-json\/wp\/v2\/types\/product"}],"wp:featuredmedia":[{"embeddable":true,"href":"https:\/\/bico.ee\/fi\/wp-json\/wp\/v2\/media\/11329"}],"wp:attachment":[{"href":"https:\/\/bico.ee\/fi\/wp-json\/wp\/v2\/media?parent=16102"}],"wp:term":[{"taxonomy":"product_cat","embeddable":true,"href":"https:\/\/bico.ee\/fi\/wp-json\/wp\/v2\/product_cat?post=16102"},{"taxonomy":"product_tag","embeddable":true,"href":"https:\/\/bico.ee\/fi\/wp-json\/wp\/v2\/product_tag?post=16102"}],"curies":[{"name":"wp","href":"https:\/\/api.w.org\/{rel}","templated":true}]}}