{"id":16103,"date":"2026-04-10T18:44:03","date_gmt":"2026-04-10T18:44:03","guid":{"rendered":""},"modified":"2026-04-10T18:44:03","modified_gmt":"2026-04-10T18:44:03","slug":"bico-ripats-light-feather-satiinviimistlusega-e216","status":"publish","type":"product","link":"https:\/\/bico.ee\/fi\/p\/bico-light-feather-riipus-satiinipinnoitteella-e216\/","title":{"rendered":"Bico &#8220;Light Feather&#8221; riipus satiinipinnoitteella (E216)"},"content":{"rendered":"<p>Osa Bicon ajatonta kuvaketta. Nimi: Kevyt sulka Merkitys: hyve ja totuus, yhteys taivaalliseen valtakuntaan, vapaus el\u00e4m\u00e4ss\u00e4 Alkuper\u00e4inen Bico -suunniteltu riipus ainutlaatuisella hapettuneella mattahopealla. . Riipuksen leveys: 0,9 cm Pituus: 2,6 cm<\/p>","protected":false},"excerpt":{"rendered":"<p>E216 825873074671<\/p>\n","protected":false},"featured_media":11332,"template":"","meta":[],"product_cat":[277,300],"product_tag":[],"_links":{"self":[{"href":"https:\/\/bico.ee\/fi\/wp-json\/wp\/v2\/product\/16103"}],"collection":[{"href":"https:\/\/bico.ee\/fi\/wp-json\/wp\/v2\/product"}],"about":[{"href":"https:\/\/bico.ee\/fi\/wp-json\/wp\/v2\/types\/product"}],"wp:featuredmedia":[{"embeddable":true,"href":"https:\/\/bico.ee\/fi\/wp-json\/wp\/v2\/media\/11332"}],"wp:attachment":[{"href":"https:\/\/bico.ee\/fi\/wp-json\/wp\/v2\/media?parent=16103"}],"wp:term":[{"taxonomy":"product_cat","embeddable":true,"href":"https:\/\/bico.ee\/fi\/wp-json\/wp\/v2\/product_cat?post=16103"},{"taxonomy":"product_tag","embeddable":true,"href":"https:\/\/bico.ee\/fi\/wp-json\/wp\/v2\/product_tag?post=16103"}],"curies":[{"name":"wp","href":"https:\/\/api.w.org\/{rel}","templated":true}]}}