{"id":16104,"date":"2026-04-10T18:44:03","date_gmt":"2026-04-10T18:44:03","guid":{"rendered":""},"modified":"2026-04-10T18:44:03","modified_gmt":"2026-04-10T18:44:03","slug":"bico-lumehelbe-ripats-satiinviimistlusega-e217","status":"publish","type":"product","link":"https:\/\/bico.ee\/fi\/p\/bico-lumihiutale-riipus-satiinipinnoitteella-e217\/","title":{"rendered":"Bico &#8220;Lumihiutale&#8221; riipus satiinipinnoitteella (E217)"},"content":{"rendered":"<p>Osa Bicon ajatonta kuvaketta. Nimi: Lumihiutale Merkitys: ainutlaatuista, yksil\u00f6llisyytt\u00e4, hiljaisuutta ja t\u00e4ydellisyytt\u00e4 Alkuper\u00e4inen Bico -riipus, jossa on ainutlaatuinen hapettunut mattahopea. . Riipuksen leveys: 1,7 cm Pituus: 1,7 cm<\/p>","protected":false},"excerpt":{"rendered":"<p>E217 825873074688<\/p>\n","protected":false},"featured_media":11336,"template":"","meta":[],"product_cat":[277,300],"product_tag":[],"_links":{"self":[{"href":"https:\/\/bico.ee\/fi\/wp-json\/wp\/v2\/product\/16104"}],"collection":[{"href":"https:\/\/bico.ee\/fi\/wp-json\/wp\/v2\/product"}],"about":[{"href":"https:\/\/bico.ee\/fi\/wp-json\/wp\/v2\/types\/product"}],"wp:featuredmedia":[{"embeddable":true,"href":"https:\/\/bico.ee\/fi\/wp-json\/wp\/v2\/media\/11336"}],"wp:attachment":[{"href":"https:\/\/bico.ee\/fi\/wp-json\/wp\/v2\/media?parent=16104"}],"wp:term":[{"taxonomy":"product_cat","embeddable":true,"href":"https:\/\/bico.ee\/fi\/wp-json\/wp\/v2\/product_cat?post=16104"},{"taxonomy":"product_tag","embeddable":true,"href":"https:\/\/bico.ee\/fi\/wp-json\/wp\/v2\/product_tag?post=16104"}],"curies":[{"name":"wp","href":"https:\/\/api.w.org\/{rel}","templated":true}]}}