{"id":16363,"date":"2026-04-10T18:43:55","date_gmt":"2026-04-10T18:43:55","guid":{"rendered":""},"modified":"2026-04-10T18:43:55","modified_gmt":"2026-04-10T18:43:55","slug":"bico-kings-queens-paaristatud-ripatsid-bp12-brown","status":"publish","type":"product","link":"https:\/\/bico.ee\/fi\/p\/bico-kings-queens-parilliset-riipukset-bp12-ruskea\/","title":{"rendered":"Bico &#8220;Kings &#038; Queens&#8221; parilliset riipukset (BP12 ruskea)"},"content":{"rendered":"<p>Sarjaan myydyt sopivat riipukset, jotka ovat ihanteellisia jaettavaksi rakkaiden tai yst\u00e4vien kesken. <BR><UL><LI>Nimi: Kuninkaat ja kuningattaret <\/LI><LI>Merkitys: Maailma on valtaistuimemme <\/LI><LI> Bico tarjoaa valikoiman ketjuja, nahkanauhoja ja kuristimia t\u00e4ydent\u00e4\u00e4kseen parin sopivia riipuksia, jotka sopivat riipuksiin ja nahkaisiin insertteihin. Riipuksen leveys: 1,4 cm Pituus: 3 cm Silmukan halkaisija: 7 mm<\/p>","protected":false},"excerpt":{"rendered":"<p>BP12BR 825873044322<\/p>\n","protected":false},"featured_media":17092,"template":"","meta":[],"product_cat":[277,281],"product_tag":[],"_links":{"self":[{"href":"https:\/\/bico.ee\/fi\/wp-json\/wp\/v2\/product\/16363"}],"collection":[{"href":"https:\/\/bico.ee\/fi\/wp-json\/wp\/v2\/product"}],"about":[{"href":"https:\/\/bico.ee\/fi\/wp-json\/wp\/v2\/types\/product"}],"wp:featuredmedia":[{"embeddable":true,"href":"https:\/\/bico.ee\/fi\/wp-json\/wp\/v2\/media\/17092"}],"wp:attachment":[{"href":"https:\/\/bico.ee\/fi\/wp-json\/wp\/v2\/media?parent=16363"}],"wp:term":[{"taxonomy":"product_cat","embeddable":true,"href":"https:\/\/bico.ee\/fi\/wp-json\/wp\/v2\/product_cat?post=16363"},{"taxonomy":"product_tag","embeddable":true,"href":"https:\/\/bico.ee\/fi\/wp-json\/wp\/v2\/product_tag?post=16363"}],"curies":[{"name":"wp","href":"https:\/\/api.w.org\/{rel}","templated":true}]}}