{"id":17421,"date":"2026-04-10T18:44:00","date_gmt":"2026-04-10T18:44:00","guid":{"rendered":""},"modified":"2026-04-10T18:44:00","modified_gmt":"2026-04-10T18:44:00","slug":"bico-4mm-must-kummist-kaelakee-48cm-pikk-cl3-48cm","status":"publish","type":"product","link":"https:\/\/bico.ee\/fi\/p\/bico-4mm-musta-kuminen-kaulakoru-48cm-pitka-cl3-48cm\/","title":{"rendered":"Bico 4mm musta kuminen kaulakoru 48cm pitk\u00e4 (CL3 48cm)"},"content":{"rendered":"<p>Valmistettu 3 mm: n kumijohdosta ja  ruostumattomasta ter\u00e4ksest\u00e4. Saatavilla olevat pituudet: 48 cm Bico tarjoaa valikoiman alkuper\u00e4isi\u00e4 riipuksia sarjan t\u00e4ydent\u00e4miseksi.<\/p>","protected":false},"excerpt":{"rendered":"<p>CL3 825873012949<\/p>\n","protected":false},"featured_media":17422,"template":"","meta":[],"product_cat":[313],"product_tag":[],"_links":{"self":[{"href":"https:\/\/bico.ee\/fi\/wp-json\/wp\/v2\/product\/17421"}],"collection":[{"href":"https:\/\/bico.ee\/fi\/wp-json\/wp\/v2\/product"}],"about":[{"href":"https:\/\/bico.ee\/fi\/wp-json\/wp\/v2\/types\/product"}],"wp:featuredmedia":[{"embeddable":true,"href":"https:\/\/bico.ee\/fi\/wp-json\/wp\/v2\/media\/17422"}],"wp:attachment":[{"href":"https:\/\/bico.ee\/fi\/wp-json\/wp\/v2\/media?parent=17421"}],"wp:term":[{"taxonomy":"product_cat","embeddable":true,"href":"https:\/\/bico.ee\/fi\/wp-json\/wp\/v2\/product_cat?post=17421"},{"taxonomy":"product_tag","embeddable":true,"href":"https:\/\/bico.ee\/fi\/wp-json\/wp\/v2\/product_tag?post=17421"}],"curies":[{"name":"wp","href":"https:\/\/api.w.org\/{rel}","templated":true}]}}