{"id":18294,"date":"2026-04-10T18:43:54","date_gmt":"2026-04-10T18:43:54","guid":{"rendered":""},"modified":"2026-04-10T18:43:54","modified_gmt":"2026-04-10T18:43:54","slug":"bico-arhitekt-hobe-messingist-vasest-voi-musta-tooniga-hoimuliipast-tt6","status":"publish","type":"product","link":"https:\/\/bico.ee\/fi\/p\/bico-arkkitehti-hopea-jossa-on-messinki-kupari-tai-musta-savyinen-heimo-riipus-tt6\/","title":{"rendered":"Bico &#8220;Arkkitehti&#8221; Hopea, jossa on messinki, kupari tai musta s\u00e4vyinen heimo riipus (TT6)"},"content":{"rendered":"<p>Saumaton sekoitus kahdesta eri elementist\u00e4 luo yhden j\u00e4nnitt\u00e4v\u00e4n riipuksen. K\u00e4sin kiillotettu hopea-, messinki- tai kuparipinnoitettu tina -riipus ainutlaatuisella suojapinnoitteella. <BR><UL><LI>Nimi: Arkkitehti <\/LI><LI>Merkitys: Hyvin maadoitettu, Rock Alkuper\u00e4inen <\/LI><LI>Bico -riipus, joka yhdist\u00e4\u00e4 saumattomasti kaksi eri elementti\u00e4 ja luo yhden j\u00e4nnitt\u00e4v\u00e4n riipuksen. Saatavilla olevat viimeistelyt: hopea\/messinki, hopea\/kupari, hopea\/musta. Riipuksen leveys: 3,1 cm Pituus: 3,1 cm Silmukan halkaisija: 6,7 mm<\/p>","protected":false},"excerpt":{"rendered":"<p>TT6 0<\/p>\n","protected":false},"featured_media":18295,"template":"","meta":[],"product_cat":[277,278],"product_tag":[],"_links":{"self":[{"href":"https:\/\/bico.ee\/fi\/wp-json\/wp\/v2\/product\/18294"}],"collection":[{"href":"https:\/\/bico.ee\/fi\/wp-json\/wp\/v2\/product"}],"about":[{"href":"https:\/\/bico.ee\/fi\/wp-json\/wp\/v2\/types\/product"}],"wp:featuredmedia":[{"embeddable":true,"href":"https:\/\/bico.ee\/fi\/wp-json\/wp\/v2\/media\/18295"}],"wp:attachment":[{"href":"https:\/\/bico.ee\/fi\/wp-json\/wp\/v2\/media?parent=18294"}],"wp:term":[{"taxonomy":"product_cat","embeddable":true,"href":"https:\/\/bico.ee\/fi\/wp-json\/wp\/v2\/product_cat?post=18294"},{"taxonomy":"product_tag","embeddable":true,"href":"https:\/\/bico.ee\/fi\/wp-json\/wp\/v2\/product_tag?post=18294"}],"curies":[{"name":"wp","href":"https:\/\/api.w.org\/{rel}","templated":true}]}}