{"id":18304,"date":"2026-04-10T18:43:54","date_gmt":"2026-04-10T18:43:54","guid":{"rendered":""},"modified":"2026-04-10T18:43:54","modified_gmt":"2026-04-10T18:43:54","slug":"bico-alexander-hobe-messingist-vasest-voi-musta-tooniga-tanava-ripatsiga-tt12","status":"publish","type":"product","link":"https:\/\/bico.ee\/fi\/p\/bico-alexander-hopea-messingilla-kuparilla-tai-mustalla-savylla-katto-riipus-tt12\/","title":{"rendered":"Bico  &#8220;Alexander&#8221; hopea messingill\u00e4, kuparilla tai mustalla s\u00e4vyll\u00e4 katto riipus (TT12)"},"content":{"rendered":"<p>Saumaton sekoitus kahdesta eri elementist\u00e4 luo yhden j\u00e4nnitt\u00e4v\u00e4n riipuksen. K\u00e4sin kiillotettu hopea-, messinki- tai kuparipinnoitettu tina -riipus ainutlaatuisella suojapinnoitteella. <BR><UL><LI>Nimi: Alexander <\/LI><LI>Merkitys: Valloittaa maailma Alkuper\u00e4inen <\/LI><LI>Bico -riipus, joka yhdist\u00e4\u00e4 saumattomasti kaksi eri elementti\u00e4 ja luo yhden j\u00e4nnitt\u00e4v\u00e4n riipuksen. Saatavilla olevat viimeistelyt: hopea\/messinki, hopea\/kupari, hopea\/musta. Riipuksen leveys: 2,5 cm Pituus: 3,5 cm Silmukan halkaisija: 6,7 mm<\/p>","protected":false},"excerpt":{"rendered":"<p>TT12 0<\/p>\n","protected":false},"featured_media":18305,"template":"","meta":[],"product_cat":[277,278],"product_tag":[],"_links":{"self":[{"href":"https:\/\/bico.ee\/fi\/wp-json\/wp\/v2\/product\/18304"}],"collection":[{"href":"https:\/\/bico.ee\/fi\/wp-json\/wp\/v2\/product"}],"about":[{"href":"https:\/\/bico.ee\/fi\/wp-json\/wp\/v2\/types\/product"}],"wp:featuredmedia":[{"embeddable":true,"href":"https:\/\/bico.ee\/fi\/wp-json\/wp\/v2\/media\/18305"}],"wp:attachment":[{"href":"https:\/\/bico.ee\/fi\/wp-json\/wp\/v2\/media?parent=18304"}],"wp:term":[{"taxonomy":"product_cat","embeddable":true,"href":"https:\/\/bico.ee\/fi\/wp-json\/wp\/v2\/product_cat?post=18304"},{"taxonomy":"product_tag","embeddable":true,"href":"https:\/\/bico.ee\/fi\/wp-json\/wp\/v2\/product_tag?post=18304"}],"curies":[{"name":"wp","href":"https:\/\/api.w.org\/{rel}","templated":true}]}}