{"id":18314,"date":"2026-04-10T18:43:54","date_gmt":"2026-04-10T18:43:54","guid":{"rendered":""},"modified":"2026-04-10T18:43:54","modified_gmt":"2026-04-10T18:43:54","slug":"bico-lionheart-ripats-roosipuuga-ew7","status":"publish","type":"product","link":"https:\/\/bico.ee\/fi\/p\/bico-lionheart-riipus-ruusupuulla-ew7\/","title":{"rendered":"Bico &#8220;Lionheart&#8221; riipus ruusupuulla (EW7)"},"content":{"rendered":"<p>Tehokas yhdistelm\u00e4 ihmisen ja luonnon elementtej\u00e4. K\u00e4sin kiillotettu musta tina -riipus, jossa ruusupuu. <BR><UL><LI>Nimi: Lionheart <\/LI><LI>Merkitys: Bravery &#038; Fortitude <\/LI><LI>Bico tarjoaa valikoiman mustia viimeisteltyj\u00e4 ketjuja, nahkanauhoja ja kuristimia, jotka t\u00e4ydent\u00e4v\u00e4t t\u00e4t\u00e4 riipusta. Riipuksen leveys: 2,4 cm Pituus: 4 cm Silmukan halkaisija: 9 mm<\/p>","protected":false},"excerpt":{"rendered":"<p>EW7 0<\/p>\n","protected":false},"featured_media":18315,"template":"","meta":[],"product_cat":[277,279],"product_tag":[],"_links":{"self":[{"href":"https:\/\/bico.ee\/fi\/wp-json\/wp\/v2\/product\/18314"}],"collection":[{"href":"https:\/\/bico.ee\/fi\/wp-json\/wp\/v2\/product"}],"about":[{"href":"https:\/\/bico.ee\/fi\/wp-json\/wp\/v2\/types\/product"}],"wp:featuredmedia":[{"embeddable":true,"href":"https:\/\/bico.ee\/fi\/wp-json\/wp\/v2\/media\/18315"}],"wp:attachment":[{"href":"https:\/\/bico.ee\/fi\/wp-json\/wp\/v2\/media?parent=18314"}],"wp:term":[{"taxonomy":"product_cat","embeddable":true,"href":"https:\/\/bico.ee\/fi\/wp-json\/wp\/v2\/product_cat?post=18314"},{"taxonomy":"product_tag","embeddable":true,"href":"https:\/\/bico.ee\/fi\/wp-json\/wp\/v2\/product_tag?post=18314"}],"curies":[{"name":"wp","href":"https:\/\/api.w.org\/{rel}","templated":true}]}}