{"id":18318,"date":"2026-04-10T18:43:54","date_gmt":"2026-04-10T18:43:54","guid":{"rendered":""},"modified":"2026-04-10T18:43:54","modified_gmt":"2026-04-10T18:43:54","slug":"bico-urban-ristripats-roosipuuga-ew16","status":"publish","type":"product","link":"https:\/\/bico.ee\/fi\/p\/bico-urban-ristiriipus-ruusupuulla-ew16\/","title":{"rendered":"Bico &#8220;Urban&#8221; ristiriipus ruusupuulla (EW16)"},"content":{"rendered":"<p>Tehokas yhdistelm\u00e4 ihmisen ja luonnon elementtej\u00e4. K\u00e4sin kiillotettu musta tina -riipus, jossa ruusupuu. <BR><UL><LI>Nimi: Urban Cross <\/LI><LI>Merkitys: Usko kaduille <\/LI><LI>Bico tarjoaa valikoiman mustia viimeisteltyj\u00e4 ketjuja, nahkalankoja ja kuristimia, jotka t\u00e4ydent\u00e4v\u00e4t t\u00e4t\u00e4 riipusta. Riipuksen leveys: 2,7 cm Pituus: 3,9 cm Silmukan halkaisija: 6,5 mm<\/p>","protected":false},"excerpt":{"rendered":"<p>EW16 0<\/p>\n","protected":false},"featured_media":18319,"template":"","meta":[],"product_cat":[277,279],"product_tag":[],"_links":{"self":[{"href":"https:\/\/bico.ee\/fi\/wp-json\/wp\/v2\/product\/18318"}],"collection":[{"href":"https:\/\/bico.ee\/fi\/wp-json\/wp\/v2\/product"}],"about":[{"href":"https:\/\/bico.ee\/fi\/wp-json\/wp\/v2\/types\/product"}],"wp:featuredmedia":[{"embeddable":true,"href":"https:\/\/bico.ee\/fi\/wp-json\/wp\/v2\/media\/18319"}],"wp:attachment":[{"href":"https:\/\/bico.ee\/fi\/wp-json\/wp\/v2\/media?parent=18318"}],"wp:term":[{"taxonomy":"product_cat","embeddable":true,"href":"https:\/\/bico.ee\/fi\/wp-json\/wp\/v2\/product_cat?post=18318"},{"taxonomy":"product_tag","embeddable":true,"href":"https:\/\/bico.ee\/fi\/wp-json\/wp\/v2\/product_tag?post=18318"}],"curies":[{"name":"wp","href":"https:\/\/api.w.org\/{rel}","templated":true}]}}