{"id":18322,"date":"2026-04-10T18:43:55","date_gmt":"2026-04-10T18:43:55","guid":{"rendered":""},"modified":"2026-04-10T18:43:55","modified_gmt":"2026-04-10T18:43:55","slug":"bico-igavene-armastus-paaritud-lumehelveste-ripatsid-bp1","status":"publish","type":"product","link":"https:\/\/bico.ee\/fi\/p\/bico-eternal-love-parilliset-lumihiutaleriipukset-bp1\/","title":{"rendered":"Bico &#8220;Eternal Love&#8221; parilliset lumihiutaleriipukset (BP1)"},"content":{"rendered":"<p>Sopiva pari riipuksia, joissa on hopea- ja kullattu pinnoite, myyd\u00e4\u00e4n sarjana, ja ne sopivat parhaiten jaettaviksi rakkaiden tai yst\u00e4vien kesken. <BR><UL><LI>Nimi: Ikuinen rakkaus <\/LI><LI>Merkitys: Rakkaus ikuisia talvimuistoja <\/LI><LI> Bico tarjoaa valikoiman ketjuja, nahkanauhoja ja kuristimia t\u00e4ydent\u00e4\u00e4kseen pari sopivia riipuksia. Riipuksen leveys: 1,9 cm Pituus: 3,8 cm Silmukan halkaisija: 9 mm<\/p>","protected":false},"excerpt":{"rendered":"<p>BP1 0<\/p>\n","protected":false},"featured_media":18323,"template":"","meta":[],"product_cat":[277,281],"product_tag":[],"_links":{"self":[{"href":"https:\/\/bico.ee\/fi\/wp-json\/wp\/v2\/product\/18322"}],"collection":[{"href":"https:\/\/bico.ee\/fi\/wp-json\/wp\/v2\/product"}],"about":[{"href":"https:\/\/bico.ee\/fi\/wp-json\/wp\/v2\/types\/product"}],"wp:featuredmedia":[{"embeddable":true,"href":"https:\/\/bico.ee\/fi\/wp-json\/wp\/v2\/media\/18323"}],"wp:attachment":[{"href":"https:\/\/bico.ee\/fi\/wp-json\/wp\/v2\/media?parent=18322"}],"wp:term":[{"taxonomy":"product_cat","embeddable":true,"href":"https:\/\/bico.ee\/fi\/wp-json\/wp\/v2\/product_cat?post=18322"},{"taxonomy":"product_tag","embeddable":true,"href":"https:\/\/bico.ee\/fi\/wp-json\/wp\/v2\/product_tag?post=18322"}],"curies":[{"name":"wp","href":"https:\/\/api.w.org\/{rel}","templated":true}]}}