{"id":18324,"date":"2026-04-24T07:43:51","date_gmt":"2026-04-24T07:43:51","guid":{"rendered":""},"modified":"2026-04-24T07:43:51","modified_gmt":"2026-04-24T07:43:51","slug":"bico-dark-love-paaristatud-ripatsid-bp4","status":"publish","type":"product","link":"https:\/\/bico.ee\/fi\/p\/bico-dark-love-parilliset-riipukset-bp4\/","title":{"rendered":"Bico &#8220;Dark Love&#8221; parilliset riipukset (BP4)"},"content":{"rendered":"<p>Sopiva pari riipuksia, joissa on hopea ja musta pinnoite, myyd\u00e4\u00e4n sarjassa, joka on ihanteellinen jaettavaksi rakkaiden tai yst\u00e4vien kesken. <BR><UL><LI>Nimi: Tumma rakkaus <\/LI><LI>Merkitys: Intohimoinen ja kuolematon kiintymys Piilotettu omistautuminen <\/LI><LI> Bico tarjoaa valikoiman ketjuja, nahkanauhoja ja kuristimia t\u00e4ydent\u00e4\u00e4kseen pari sopivia riipuksia. Riipuksen leveys: 2 cm Pituus: 3,9 cm Silmukan halkaisija: 9 mm<\/p>","protected":false},"excerpt":{"rendered":"<p>BP4 0<\/p>\n","protected":false},"featured_media":18325,"template":"","meta":[],"product_cat":[277,281],"product_tag":[],"_links":{"self":[{"href":"https:\/\/bico.ee\/fi\/wp-json\/wp\/v2\/product\/18324"}],"collection":[{"href":"https:\/\/bico.ee\/fi\/wp-json\/wp\/v2\/product"}],"about":[{"href":"https:\/\/bico.ee\/fi\/wp-json\/wp\/v2\/types\/product"}],"wp:featuredmedia":[{"embeddable":true,"href":"https:\/\/bico.ee\/fi\/wp-json\/wp\/v2\/media\/18325"}],"wp:attachment":[{"href":"https:\/\/bico.ee\/fi\/wp-json\/wp\/v2\/media?parent=18324"}],"wp:term":[{"taxonomy":"product_cat","embeddable":true,"href":"https:\/\/bico.ee\/fi\/wp-json\/wp\/v2\/product_cat?post=18324"},{"taxonomy":"product_tag","embeddable":true,"href":"https:\/\/bico.ee\/fi\/wp-json\/wp\/v2\/product_tag?post=18324"}],"curies":[{"name":"wp","href":"https:\/\/api.w.org\/{rel}","templated":true}]}}