{"id":18328,"date":"2026-04-10T18:43:55","date_gmt":"2026-04-10T18:43:55","guid":{"rendered":""},"modified":"2026-04-10T18:43:55","modified_gmt":"2026-04-10T18:43:55","slug":"bico-sacred-shieldsi-paaritud-ristripatsid-bp6","status":"publish","type":"product","link":"https:\/\/bico.ee\/fi\/p\/bico-sacred-shields-parilliset-ristiriipukset-bp6\/","title":{"rendered":"Bico &#8220;Sacred Shields&#8221; parilliset ristiriipukset (BP6)"},"content":{"rendered":"<p>Sopiva pari riipuksia, joissa on hopea- ja kullattu pinnoite, myyd\u00e4\u00e4n sarjana, ja ne sopivat parhaiten jaettaviksi rakkaiden tai yst\u00e4vien kesken. <BR><UL><LI>Nimi: Pyh\u00e4t kilvet <\/LI><LI>Merkitys: Keskin\u00e4inen suoja, henkien synergia <\/LI><LI> Bico tarjoaa valikoiman ketjuja, nahkanauhoja ja kuristimia t\u00e4ydent\u00e4\u00e4kseen pari sopivia riipuksia. Riipuksen leveys: 2 cm Pituus: 3,9 cm Silmukan halkaisija: 9 mm<\/p>","protected":false},"excerpt":{"rendered":"<p>BP6 0<\/p>\n","protected":false},"featured_media":18329,"template":"","meta":[],"product_cat":[277,281],"product_tag":[],"_links":{"self":[{"href":"https:\/\/bico.ee\/fi\/wp-json\/wp\/v2\/product\/18328"}],"collection":[{"href":"https:\/\/bico.ee\/fi\/wp-json\/wp\/v2\/product"}],"about":[{"href":"https:\/\/bico.ee\/fi\/wp-json\/wp\/v2\/types\/product"}],"wp:featuredmedia":[{"embeddable":true,"href":"https:\/\/bico.ee\/fi\/wp-json\/wp\/v2\/media\/18329"}],"wp:attachment":[{"href":"https:\/\/bico.ee\/fi\/wp-json\/wp\/v2\/media?parent=18328"}],"wp:term":[{"taxonomy":"product_cat","embeddable":true,"href":"https:\/\/bico.ee\/fi\/wp-json\/wp\/v2\/product_cat?post=18328"},{"taxonomy":"product_tag","embeddable":true,"href":"https:\/\/bico.ee\/fi\/wp-json\/wp\/v2\/product_tag?post=18328"}],"curies":[{"name":"wp","href":"https:\/\/api.w.org\/{rel}","templated":true}]}}