{"id":18332,"date":"2026-04-10T18:43:55","date_gmt":"2026-04-10T18:43:55","guid":{"rendered":""},"modified":"2026-04-10T18:43:55","modified_gmt":"2026-04-10T18:43:55","slug":"bico-tokota-nahast-ripats-el2","status":"publish","type":"product","link":"https:\/\/bico.ee\/fi\/p\/bico-tokota-riipus-nahka-el2\/","title":{"rendered":"Bico &#8220;Tokota&#8221; riipus nahka (EL2)"},"content":{"rendered":"<p>Tehokas yhdistelm\u00e4 keinotekoisia ja luonnollisia elementtej\u00e4, joissa yhdistyv\u00e4t k\u00e4sin kiillotetut hopeapinnoitetut tina-riipukset ja kuviolliset nahkaiset lis\u00e4osat. <BR><UL><LI>Nimi: Tokota <\/LI><LI>Merkitys: Kaikkien Mate <\/LI><LI> Bico tarjoaa valikoiman mattapintaisia \u200b\u200bketjuja ja nahkanauhoja ja kuristimia, jotka t\u00e4ydent\u00e4v\u00e4t t\u00e4t\u00e4 riipusta. Riipuksen leveys: 1,6 cm Pituus: 4 cm Silmukan halkaisija: 6,5 mm<\/p>","protected":false},"excerpt":{"rendered":"<p>EL2 0<\/p>\n","protected":false},"featured_media":21874,"template":"","meta":[],"product_cat":[277,284],"product_tag":[],"_links":{"self":[{"href":"https:\/\/bico.ee\/fi\/wp-json\/wp\/v2\/product\/18332"}],"collection":[{"href":"https:\/\/bico.ee\/fi\/wp-json\/wp\/v2\/product"}],"about":[{"href":"https:\/\/bico.ee\/fi\/wp-json\/wp\/v2\/types\/product"}],"wp:featuredmedia":[{"embeddable":true,"href":"https:\/\/bico.ee\/fi\/wp-json\/wp\/v2\/media\/21874"}],"wp:attachment":[{"href":"https:\/\/bico.ee\/fi\/wp-json\/wp\/v2\/media?parent=18332"}],"wp:term":[{"taxonomy":"product_cat","embeddable":true,"href":"https:\/\/bico.ee\/fi\/wp-json\/wp\/v2\/product_cat?post=18332"},{"taxonomy":"product_tag","embeddable":true,"href":"https:\/\/bico.ee\/fi\/wp-json\/wp\/v2\/product_tag?post=18332"}],"curies":[{"name":"wp","href":"https:\/\/api.w.org\/{rel}","templated":true}]}}