{"id":18338,"date":"2026-04-10T18:43:55","date_gmt":"2026-04-10T18:43:55","guid":{"rendered":""},"modified":"2026-04-10T18:43:55","modified_gmt":"2026-04-10T18:43:55","slug":"nahast-ripats-bico-aris-el7","status":"publish","type":"product","link":"https:\/\/bico.ee\/fi\/p\/bico-aris-riipus-nahka-el7\/","title":{"rendered":"Bico &#8220;Aris&#8221; riipus nahka (EL7)"},"content":{"rendered":"<p>Tehokas yhdistelm\u00e4 keinotekoisia ja luonnollisia elementtej\u00e4, joissa yhdistyv\u00e4t k\u00e4sin kiillotetut hopeapinnoitetut tina-riipukset ja kuviolliset nahkaiset lis\u00e4osat. <BR><UL><LI>Nimi: Aris <\/LI><LI>Merkitys: Yritt\u00e4j\u00e4 ja kykenev\u00e4 mukautumaan <\/LI><LI> Bico tarjoaa valikoiman mattapintaisia \u200b\u200bketjuja ja nahkanauhoja ja kuristimia, jotka t\u00e4ydent\u00e4v\u00e4t t\u00e4t\u00e4 riipusta. Riipuksen leveys: 2,7 cm Pituus: 3,6 cm Silmukan halkaisija: 6,5 mm<\/p>","protected":false},"excerpt":{"rendered":"<p>EL7 0<\/p>\n","protected":false},"featured_media":18339,"template":"","meta":[],"product_cat":[277,284],"product_tag":[],"_links":{"self":[{"href":"https:\/\/bico.ee\/fi\/wp-json\/wp\/v2\/product\/18338"}],"collection":[{"href":"https:\/\/bico.ee\/fi\/wp-json\/wp\/v2\/product"}],"about":[{"href":"https:\/\/bico.ee\/fi\/wp-json\/wp\/v2\/types\/product"}],"wp:featuredmedia":[{"embeddable":true,"href":"https:\/\/bico.ee\/fi\/wp-json\/wp\/v2\/media\/18339"}],"wp:attachment":[{"href":"https:\/\/bico.ee\/fi\/wp-json\/wp\/v2\/media?parent=18338"}],"wp:term":[{"taxonomy":"product_cat","embeddable":true,"href":"https:\/\/bico.ee\/fi\/wp-json\/wp\/v2\/product_cat?post=18338"},{"taxonomy":"product_tag","embeddable":true,"href":"https:\/\/bico.ee\/fi\/wp-json\/wp\/v2\/product_tag?post=18338"}],"curies":[{"name":"wp","href":"https:\/\/api.w.org\/{rel}","templated":true}]}}