{"id":18372,"date":"2026-04-10T18:43:56","date_gmt":"2026-04-10T18:43:56","guid":{"rendered":""},"modified":"2026-04-10T18:43:56","modified_gmt":"2026-04-10T18:43:56","slug":"bico-sapho-vaik-ja-metallist-emane-naisripats-b28","status":"publish","type":"product","link":"https:\/\/bico.ee\/fi\/p\/bico-sapho-hartsi-ja-metalli-naaras-naaras-riipus-b28\/","title":{"rendered":"Bico &#8220;Sapho&#8221; hartsi ja metalli naaras+naaras riipus (B28)"},"content":{"rendered":"<p>Osa Bicon ajattomia tunnusomaisia \u200b\u200briippuvalaisimia, joissa yhdistyv\u00e4t metalli ja v\u00e4rilliset hartsit\u00e4ytteet. <BR><UL><LI>Nimi: Sapho <\/LI><LI>Merkitys: Two Venuses United <\/LI><LI> Bico tarjoaa valikoiman mattapintaisia \u200b\u200bketjuja ja nahkanauhoja ja kuristimia, jotka t\u00e4ydent\u00e4v\u00e4t t\u00e4t\u00e4 riipusta. Saatavilla olevat v\u00e4rit: sininen, musta, punainen, vaaleansininen. Riipuksen leveys: 2,5 cm Pituus: 2,5 cm Silmukan halkaisija: 6,5 mm<\/p>","protected":false},"excerpt":{"rendered":"<p>B28 0<\/p>\n","protected":false},"featured_media":18373,"template":"","meta":[],"product_cat":[277,289],"product_tag":[],"_links":{"self":[{"href":"https:\/\/bico.ee\/fi\/wp-json\/wp\/v2\/product\/18372"}],"collection":[{"href":"https:\/\/bico.ee\/fi\/wp-json\/wp\/v2\/product"}],"about":[{"href":"https:\/\/bico.ee\/fi\/wp-json\/wp\/v2\/types\/product"}],"wp:featuredmedia":[{"embeddable":true,"href":"https:\/\/bico.ee\/fi\/wp-json\/wp\/v2\/media\/18373"}],"wp:attachment":[{"href":"https:\/\/bico.ee\/fi\/wp-json\/wp\/v2\/media?parent=18372"}],"wp:term":[{"taxonomy":"product_cat","embeddable":true,"href":"https:\/\/bico.ee\/fi\/wp-json\/wp\/v2\/product_cat?post=18372"},{"taxonomy":"product_tag","embeddable":true,"href":"https:\/\/bico.ee\/fi\/wp-json\/wp\/v2\/product_tag?post=18372"}],"curies":[{"name":"wp","href":"https:\/\/api.w.org\/{rel}","templated":true}]}}