{"id":18454,"date":"2026-04-10T18:43:57","date_gmt":"2026-04-10T18:43:57","guid":{"rendered":""},"modified":"2026-04-10T18:43:57","modified_gmt":"2026-04-10T18:43:57","slug":"bico-kalim-vaik-ja-metallist-lainelaua-ripats-b141","status":"publish","type":"product","link":"https:\/\/bico.ee\/fi\/p\/bico-kalim-hartsi-ja-metalli-surffilauta-riipus-b141\/","title":{"rendered":"Bico &#8220;Kalim&#8221; hartsi ja metalli surffilauta riipus (B141)"},"content":{"rendered":"<p>Osa Bicon ajattomia tunnusomaisia \u200b\u200briippuvalaisimia, joissa yhdistyv\u00e4t metalli ja v\u00e4rilliset hartsit\u00e4ytteet. <BR><UL><LI>Nimi: Kalim <\/LI><LI>Merkitys: Eksoottisia muistoja <\/LI><LI> Bico tarjoaa valikoiman mattapintaisia \u200b\u200bketjuja ja nahkanauhoja ja kuristimia, jotka t\u00e4ydent\u00e4v\u00e4t t\u00e4t\u00e4 riipusta. Saatavilla olevat v\u00e4rit: sininen, musta, punainen, vaaleansininen. Riipuksen leveys: 1,4 cm Pituus: 5,4 cm Silmukan halkaisija: 6,5 mm<\/p>","protected":false},"excerpt":{"rendered":"<p>B141 0<\/p>\n","protected":false},"featured_media":18455,"template":"","meta":[],"product_cat":[277,289],"product_tag":[],"_links":{"self":[{"href":"https:\/\/bico.ee\/fi\/wp-json\/wp\/v2\/product\/18454"}],"collection":[{"href":"https:\/\/bico.ee\/fi\/wp-json\/wp\/v2\/product"}],"about":[{"href":"https:\/\/bico.ee\/fi\/wp-json\/wp\/v2\/types\/product"}],"wp:featuredmedia":[{"embeddable":true,"href":"https:\/\/bico.ee\/fi\/wp-json\/wp\/v2\/media\/18455"}],"wp:attachment":[{"href":"https:\/\/bico.ee\/fi\/wp-json\/wp\/v2\/media?parent=18454"}],"wp:term":[{"taxonomy":"product_cat","embeddable":true,"href":"https:\/\/bico.ee\/fi\/wp-json\/wp\/v2\/product_cat?post=18454"},{"taxonomy":"product_tag","embeddable":true,"href":"https:\/\/bico.ee\/fi\/wp-json\/wp\/v2\/product_tag?post=18454"}],"curies":[{"name":"wp","href":"https:\/\/api.w.org\/{rel}","templated":true}]}}