{"id":18497,"date":"2026-04-10T18:43:57","date_gmt":"2026-04-10T18:43:57","guid":{"rendered":""},"modified":"2026-04-10T18:43:57","modified_gmt":"2026-04-10T18:43:57","slug":"bico-intensity-labipaistev-vaik-ja-metallist-ripats-bt32","status":"publish","type":"product","link":"https:\/\/bico.ee\/fi\/p\/bico-intensity-lapinakyva-hartsi-ja-metalliriipus-bt32\/","title":{"rendered":"Bico &#8220;Intensity&#8221; l\u00e4pin\u00e4kyv\u00e4 hartsi ja metalliriipus (BT32)"},"content":{"rendered":"<p>Ainutlaatuinen riipus, jonka ikkunat l\u00e4pin\u00e4kyv\u00e4\u00e4 hartsia ripustetaan k\u00e4sin kiillotettuun kiilt\u00e4v\u00e4\u00e4n tinakehykseen. <BR><UL><LI>Nimi: Intensiteetti <\/LI><LI>Merkitys: Sis\u00e4iset haut <\/LI><LI> Bico tarjoaa valikoiman kiillotettuja (FT) ketjuja, nahkanauhoja ja kuristimia, jotka t\u00e4ydent\u00e4v\u00e4t t\u00e4t\u00e4 riipusta. Saatavilla olevat v\u00e4rit: sininen, musta, punainen. Riipuksen leveys: 2,3 cm Pituus: 4,8 cm Silmukan halkaisija: 6,5 mm<\/p>","protected":false},"excerpt":{"rendered":"<p>BT32 0<\/p>\n","protected":false},"featured_media":18498,"template":"","meta":[],"product_cat":[89],"product_tag":[],"_links":{"self":[{"href":"https:\/\/bico.ee\/fi\/wp-json\/wp\/v2\/product\/18497"}],"collection":[{"href":"https:\/\/bico.ee\/fi\/wp-json\/wp\/v2\/product"}],"about":[{"href":"https:\/\/bico.ee\/fi\/wp-json\/wp\/v2\/types\/product"}],"wp:featuredmedia":[{"embeddable":true,"href":"https:\/\/bico.ee\/fi\/wp-json\/wp\/v2\/media\/18498"}],"wp:attachment":[{"href":"https:\/\/bico.ee\/fi\/wp-json\/wp\/v2\/media?parent=18497"}],"wp:term":[{"taxonomy":"product_cat","embeddable":true,"href":"https:\/\/bico.ee\/fi\/wp-json\/wp\/v2\/product_cat?post=18497"},{"taxonomy":"product_tag","embeddable":true,"href":"https:\/\/bico.ee\/fi\/wp-json\/wp\/v2\/product_tag?post=18497"}],"curies":[{"name":"wp","href":"https:\/\/api.w.org\/{rel}","templated":true}]}}