{"id":18509,"date":"2026-04-10T18:43:58","date_gmt":"2026-04-10T18:43:58","guid":{"rendered":""},"modified":"2026-04-10T18:43:58","modified_gmt":"2026-04-10T18:43:58","slug":"bico-wave-boogie-labipaistev-vaik-ja-metallist-boogie-board-ripats-bt52","status":"publish","type":"product","link":"https:\/\/bico.ee\/fi\/p\/bico-wave-boogie-lapinakyva-hartsi-ja-metalli-boogie-board-riipus-bt52\/","title":{"rendered":"Bico &#8220;Wave Boogie&#8221; L\u00e4pin\u00e4kyv\u00e4 hartsi ja metalli Boogie Board  riipus (BT52)"},"content":{"rendered":"<p>Ainutlaatuinen riipus, jonka ikkunat l\u00e4pin\u00e4kyv\u00e4\u00e4 hartsia ripustetaan k\u00e4sin kiillotettuun kiilt\u00e4v\u00e4\u00e4n tinakehykseen. <BR><UL><LI>Nimi: Wave Boogie <\/LI><LI>Merkitys: Curl Chaser <\/LI><LI> Bico tarjoaa valikoiman kiillotettuja (FT) ketjuja, nahkanauhoja ja kuristimia, jotka t\u00e4ydent\u00e4v\u00e4t t\u00e4t\u00e4 riipusta. Saatavilla olevat v\u00e4rit: sininen, musta, punainen. Riipuksen leveys: 1,6 cm Pituus: 3,1 cm Silmukan halkaisija: 6,5 mm<\/p>","protected":false},"excerpt":{"rendered":"<p>BT52 0<\/p>\n","protected":false},"featured_media":18510,"template":"","meta":[],"product_cat":[89],"product_tag":[],"_links":{"self":[{"href":"https:\/\/bico.ee\/fi\/wp-json\/wp\/v2\/product\/18509"}],"collection":[{"href":"https:\/\/bico.ee\/fi\/wp-json\/wp\/v2\/product"}],"about":[{"href":"https:\/\/bico.ee\/fi\/wp-json\/wp\/v2\/types\/product"}],"wp:featuredmedia":[{"embeddable":true,"href":"https:\/\/bico.ee\/fi\/wp-json\/wp\/v2\/media\/18510"}],"wp:attachment":[{"href":"https:\/\/bico.ee\/fi\/wp-json\/wp\/v2\/media?parent=18509"}],"wp:term":[{"taxonomy":"product_cat","embeddable":true,"href":"https:\/\/bico.ee\/fi\/wp-json\/wp\/v2\/product_cat?post=18509"},{"taxonomy":"product_tag","embeddable":true,"href":"https:\/\/bico.ee\/fi\/wp-json\/wp\/v2\/product_tag?post=18509"}],"curies":[{"name":"wp","href":"https:\/\/api.w.org\/{rel}","templated":true}]}}