{"id":18511,"date":"2026-04-24T07:43:54","date_gmt":"2026-04-24T07:43:54","guid":{"rendered":""},"modified":"2026-04-24T07:43:54","modified_gmt":"2026-04-24T07:43:54","slug":"bico-eddy-labipaistev-vaik-ja-metallist-lainelaua-ripats-bt53","status":"publish","type":"product","link":"https:\/\/bico.ee\/fi\/p\/bico-eddy-lapinakyva-hartsi-ja-metalli-surffilauta-riipus-bt53\/","title":{"rendered":"Bico &#8220;Eddy&#8221; L\u00e4pin\u00e4kyv\u00e4 hartsi ja metalli Surffilauta riipus (BT53)"},"content":{"rendered":"<p>Ainutlaatuinen riipus, jonka ikkunat l\u00e4pin\u00e4kyv\u00e4\u00e4 hartsia ripustetaan k\u00e4sin kiillotettuun kiilt\u00e4v\u00e4\u00e4n tinakehykseen. <BR><UL><LI>Nimi: Eddy <\/LI><LI>Merkitys: Fast Mover <\/LI><LI> Bico tarjoaa valikoiman kiillotettuja (FT) ketjuja, nahkanauhoja ja kuristimia, jotka t\u00e4ydent\u00e4v\u00e4t t\u00e4t\u00e4 riipusta. Saatavilla olevat v\u00e4rit: sininen, musta, punainen. Riipuksen leveys: 1,1 cm Pituus: 4,4 cm Silmukan halkaisija: 6,5 mm<\/p>","protected":false},"excerpt":{"rendered":"<p>BT53 0<\/p>\n","protected":false},"featured_media":18512,"template":"","meta":[],"product_cat":[89],"product_tag":[],"_links":{"self":[{"href":"https:\/\/bico.ee\/fi\/wp-json\/wp\/v2\/product\/18511"}],"collection":[{"href":"https:\/\/bico.ee\/fi\/wp-json\/wp\/v2\/product"}],"about":[{"href":"https:\/\/bico.ee\/fi\/wp-json\/wp\/v2\/types\/product"}],"wp:featuredmedia":[{"embeddable":true,"href":"https:\/\/bico.ee\/fi\/wp-json\/wp\/v2\/media\/18512"}],"wp:attachment":[{"href":"https:\/\/bico.ee\/fi\/wp-json\/wp\/v2\/media?parent=18511"}],"wp:term":[{"taxonomy":"product_cat","embeddable":true,"href":"https:\/\/bico.ee\/fi\/wp-json\/wp\/v2\/product_cat?post=18511"},{"taxonomy":"product_tag","embeddable":true,"href":"https:\/\/bico.ee\/fi\/wp-json\/wp\/v2\/product_tag?post=18511"}],"curies":[{"name":"wp","href":"https:\/\/api.w.org\/{rel}","templated":true}]}}