{"id":18519,"date":"2026-04-10T18:43:58","date_gmt":"2026-04-10T18:43:58","guid":{"rendered":""},"modified":"2026-04-10T18:43:58","modified_gmt":"2026-04-10T18:43:58","slug":"bico-tyra-spear-vaike-labipaistev-vaik-ja-metallist-ripats-bts14","status":"publish","type":"product","link":"https:\/\/bico.ee\/fi\/p\/bico-tyra-spear-pieni-lapinakyva-hartsi-ja-metalliriipus-bts14\/","title":{"rendered":"Bico &#8220;Tyra Spear&#8221; pieni l\u00e4pin\u00e4kyv\u00e4 hartsi ja metalliriipus (BTS14)"},"content":{"rendered":"<p>Ainutlaatuinen riipus, jonka ikkunat l\u00e4pin\u00e4kyv\u00e4\u00e4 hartsia ripustetaan k\u00e4sin kiillotettuun kiilt\u00e4v\u00e4\u00e4n tinakehykseen. <BR><UL><LI>Nimi: Tyra Spear <\/LI><LI>Merkitys: Determination and Adventure <\/LI><LI> Bico tarjoaa valikoiman kiillotettuja (FT) ketjuja, nahkanauhoja ja kuristimia, jotka t\u00e4ydent\u00e4v\u00e4t t\u00e4t\u00e4 riipusta. Saatavilla olevat v\u00e4rit: sininen, musta, punainen. Riipuksen leveys: 2,1 cm Pituus: 2,8 cm Silmukan halkaisija: 6,5 mm<\/p>","protected":false},"excerpt":{"rendered":"<p>BTS14 0<\/p>\n","protected":false},"featured_media":18520,"template":"","meta":[],"product_cat":[89],"product_tag":[],"_links":{"self":[{"href":"https:\/\/bico.ee\/fi\/wp-json\/wp\/v2\/product\/18519"}],"collection":[{"href":"https:\/\/bico.ee\/fi\/wp-json\/wp\/v2\/product"}],"about":[{"href":"https:\/\/bico.ee\/fi\/wp-json\/wp\/v2\/types\/product"}],"wp:featuredmedia":[{"embeddable":true,"href":"https:\/\/bico.ee\/fi\/wp-json\/wp\/v2\/media\/18520"}],"wp:attachment":[{"href":"https:\/\/bico.ee\/fi\/wp-json\/wp\/v2\/media?parent=18519"}],"wp:term":[{"taxonomy":"product_cat","embeddable":true,"href":"https:\/\/bico.ee\/fi\/wp-json\/wp\/v2\/product_cat?post=18519"},{"taxonomy":"product_tag","embeddable":true,"href":"https:\/\/bico.ee\/fi\/wp-json\/wp\/v2\/product_tag?post=18519"}],"curies":[{"name":"wp","href":"https:\/\/api.w.org\/{rel}","templated":true}]}}