{"id":18523,"date":"2026-04-10T18:43:58","date_gmt":"2026-04-10T18:43:58","guid":{"rendered":""},"modified":"2026-04-10T18:43:58","modified_gmt":"2026-04-10T18:43:58","slug":"bico-triple-shield-vaike-labipaistev-vaik-ja-metallist-ripats-bts16","status":"publish","type":"product","link":"https:\/\/bico.ee\/fi\/p\/bico-triple-shield-pieni-lapinakyva-hartsi-ja-metalliriipus-bts16\/","title":{"rendered":"Bico &#8220;Triple Shield&#8221; pieni l\u00e4pin\u00e4kyv\u00e4 hartsi ja metalliriipus (BTS16)"},"content":{"rendered":"<p>Ainutlaatuinen riipus, jonka ikkunat l\u00e4pin\u00e4kyv\u00e4\u00e4 hartsia ripustetaan k\u00e4sin kiillotettuun kiilt\u00e4v\u00e4\u00e4n tinakehykseen. <BR><UL><LI>Nimi: Triple Shield <\/LI><LI>Merkitys: Protector And Clarity <\/LI><LI> Bico tarjoaa valikoiman kiillotettuja (FT) ketjuja, nahkanauhoja ja kuristimia, jotka t\u00e4ydent\u00e4v\u00e4t t\u00e4t\u00e4 riipusta. Saatavilla olevat v\u00e4rit: sininen, musta, punainen. Riipuksen leveys: 1,2 cm Pituus: 3 cm Silmukan halkaisija: 6,5 mm<\/p>","protected":false},"excerpt":{"rendered":"<p>BTS16 0<\/p>\n","protected":false},"featured_media":18524,"template":"","meta":[],"product_cat":[89],"product_tag":[],"_links":{"self":[{"href":"https:\/\/bico.ee\/fi\/wp-json\/wp\/v2\/product\/18523"}],"collection":[{"href":"https:\/\/bico.ee\/fi\/wp-json\/wp\/v2\/product"}],"about":[{"href":"https:\/\/bico.ee\/fi\/wp-json\/wp\/v2\/types\/product"}],"wp:featuredmedia":[{"embeddable":true,"href":"https:\/\/bico.ee\/fi\/wp-json\/wp\/v2\/media\/18524"}],"wp:attachment":[{"href":"https:\/\/bico.ee\/fi\/wp-json\/wp\/v2\/media?parent=18523"}],"wp:term":[{"taxonomy":"product_cat","embeddable":true,"href":"https:\/\/bico.ee\/fi\/wp-json\/wp\/v2\/product_cat?post=18523"},{"taxonomy":"product_tag","embeddable":true,"href":"https:\/\/bico.ee\/fi\/wp-json\/wp\/v2\/product_tag?post=18523"}],"curies":[{"name":"wp","href":"https:\/\/api.w.org\/{rel}","templated":true}]}}