{"id":18545,"date":"2026-04-10T18:43:58","date_gmt":"2026-04-10T18:43:58","guid":{"rendered":""},"modified":"2026-04-10T18:43:58","modified_gmt":"2026-04-10T18:43:58","slug":"bico-cancer-vaik-ja-metallist-sodiaagitahtede-ripats-z7","status":"publish","type":"product","link":"https:\/\/bico.ee\/fi\/p\/bico-cancer-hartsi-ja-metalli-horoskooppi-tahtimerkkiriipus-z7\/","title":{"rendered":"Bico &#8220;Cancer&#8221;  hartsi ja metalli  horoskooppi t\u00e4htimerkkiriipus (Z7)"},"content":{"rendered":"<p>Zodiac -riipukset, joissa yhdistyv\u00e4t metalli ja v\u00e4rilliset hartsit\u00e4ytteet. <BR><UL><LI>Nimi: Sy\u00f6p\u00e4 <\/LI><LI>Merkitys: Starsign Ainutlaatuinen <\/LI><LI> Bico Australian hopeoitu tina -riipus, joka on t\u00e4ytetty l\u00e4pin\u00e4kyv\u00e4ll\u00e4 hartsilla. Saatavilla olevat v\u00e4rit: sininen, musta, punainen. Riipuksen leveys: 2,3 cm Pituus: 2,3 cm Silmukan halkaisija: 6,5 mm<\/p>","protected":false},"excerpt":{"rendered":"<p>Z7 0<\/p>\n","protected":false},"featured_media":18546,"template":"","meta":[],"product_cat":[277,290],"product_tag":[],"_links":{"self":[{"href":"https:\/\/bico.ee\/fi\/wp-json\/wp\/v2\/product\/18545"}],"collection":[{"href":"https:\/\/bico.ee\/fi\/wp-json\/wp\/v2\/product"}],"about":[{"href":"https:\/\/bico.ee\/fi\/wp-json\/wp\/v2\/types\/product"}],"wp:featuredmedia":[{"embeddable":true,"href":"https:\/\/bico.ee\/fi\/wp-json\/wp\/v2\/media\/18546"}],"wp:attachment":[{"href":"https:\/\/bico.ee\/fi\/wp-json\/wp\/v2\/media?parent=18545"}],"wp:term":[{"taxonomy":"product_cat","embeddable":true,"href":"https:\/\/bico.ee\/fi\/wp-json\/wp\/v2\/product_cat?post=18545"},{"taxonomy":"product_tag","embeddable":true,"href":"https:\/\/bico.ee\/fi\/wp-json\/wp\/v2\/product_tag?post=18545"}],"curies":[{"name":"wp","href":"https:\/\/api.w.org\/{rel}","templated":true}]}}