{"id":18555,"date":"2026-04-10T18:43:58","date_gmt":"2026-04-10T18:43:58","guid":{"rendered":""},"modified":"2026-04-10T18:43:58","modified_gmt":"2026-04-10T18:43:58","slug":"bico-ambur-vaik-ja-metallist-sodiaagitahtede-ripats-z12","status":"publish","type":"product","link":"https:\/\/bico.ee\/fi\/p\/bico-jousimies-hartsi-ja-metalli-zodiac-star-sign-riipus-z12\/","title":{"rendered":"Bico &#8220;Jousimies&#8221; hartsi ja metalli Zodiac Star Sign riipus (Z12)"},"content":{"rendered":"<p>Zodiac -riipukset, joissa yhdistyv\u00e4t metalli ja v\u00e4rilliset hartsit\u00e4ytteet. <BR><UL><LI>Nimi: Jousimies <\/LI><LI>Merkitys: Starsign Ainutlaatuisesti suunniteltu <\/LI><LI> Bico Australian hopeoitu tina -riipus, joka on t\u00e4ytetty l\u00e4pin\u00e4kyv\u00e4ll\u00e4 hartsilla. Saatavilla olevat v\u00e4rit: sininen, musta, punainen. Riipuksen leveys: 2,3 cm Pituus: 2,3 cm Silmukan halkaisija: 6,5 mm<\/p>","protected":false},"excerpt":{"rendered":"<p>Z12 0<\/p>\n","protected":false},"featured_media":18556,"template":"","meta":[],"product_cat":[277,290],"product_tag":[],"_links":{"self":[{"href":"https:\/\/bico.ee\/fi\/wp-json\/wp\/v2\/product\/18555"}],"collection":[{"href":"https:\/\/bico.ee\/fi\/wp-json\/wp\/v2\/product"}],"about":[{"href":"https:\/\/bico.ee\/fi\/wp-json\/wp\/v2\/types\/product"}],"wp:featuredmedia":[{"embeddable":true,"href":"https:\/\/bico.ee\/fi\/wp-json\/wp\/v2\/media\/18556"}],"wp:attachment":[{"href":"https:\/\/bico.ee\/fi\/wp-json\/wp\/v2\/media?parent=18555"}],"wp:term":[{"taxonomy":"product_cat","embeddable":true,"href":"https:\/\/bico.ee\/fi\/wp-json\/wp\/v2\/product_cat?post=18555"},{"taxonomy":"product_tag","embeddable":true,"href":"https:\/\/bico.ee\/fi\/wp-json\/wp\/v2\/product_tag?post=18555"}],"curies":[{"name":"wp","href":"https:\/\/api.w.org\/{rel}","templated":true}]}}