{"id":18565,"date":"2026-04-10T18:43:58","date_gmt":"2026-04-10T18:43:58","guid":{"rendered":""},"modified":"2026-04-10T18:43:58","modified_gmt":"2026-04-10T18:43:58","slug":"bico-voluptas-kristallidega-liblikas-ripats-pv5","status":"publish","type":"product","link":"https:\/\/bico.ee\/fi\/p\/bico-voluptas-pave-butterfly-riipus-kristalleilla-pv5\/","title":{"rendered":"Bico &#8220;Voluptas&#8221; Pave Butterfly Riipus kristalleilla (PV5)"},"content":{"rendered":"<p>Faux Pave -riipukset, jotka on luotu upottamalla yksil\u00f6llisesti yli 120 aitoa Swarovskin kristallia hartsipohjaan. <BR><UL><LI>Nimi: Voluptas <\/LI><LI>Merkitys: Aistillinen el\u00e4m\u00e4 ja rakkaus Yli 120 aitoa Swarovskin kristallia, jotka on sijoitettu erikseen kussakin riipuksessa Saatavilla olevat v\u00e4rit: sininen, musta, punainen, vaaleansininen, vaaleanpunainen, kirkas. Riipuksen leveys: 2,8 cm Pituus: 2,9 cm Silmukan halkaisija: 5 mm<\/p>","protected":false},"excerpt":{"rendered":"<p>PV5 0<\/p>\n","protected":false},"featured_media":18566,"template":"","meta":[],"product_cat":[277,291],"product_tag":[],"_links":{"self":[{"href":"https:\/\/bico.ee\/fi\/wp-json\/wp\/v2\/product\/18565"}],"collection":[{"href":"https:\/\/bico.ee\/fi\/wp-json\/wp\/v2\/product"}],"about":[{"href":"https:\/\/bico.ee\/fi\/wp-json\/wp\/v2\/types\/product"}],"wp:featuredmedia":[{"embeddable":true,"href":"https:\/\/bico.ee\/fi\/wp-json\/wp\/v2\/media\/18566"}],"wp:attachment":[{"href":"https:\/\/bico.ee\/fi\/wp-json\/wp\/v2\/media?parent=18565"}],"wp:term":[{"taxonomy":"product_cat","embeddable":true,"href":"https:\/\/bico.ee\/fi\/wp-json\/wp\/v2\/product_cat?post=18565"},{"taxonomy":"product_tag","embeddable":true,"href":"https:\/\/bico.ee\/fi\/wp-json\/wp\/v2\/product_tag?post=18565"}],"curies":[{"name":"wp","href":"https:\/\/api.w.org\/{rel}","templated":true}]}}