{"id":18577,"date":"2026-04-10T18:43:58","date_gmt":"2026-04-10T18:43:58","guid":{"rendered":""},"modified":"2026-04-10T18:43:58","modified_gmt":"2026-04-10T18:43:58","slug":"bico-prantsuse-liilia-kristallidega-ripats-cr1","status":"publish","type":"product","link":"https:\/\/bico.ee\/fi\/p\/bico-french-lily-riipus-kristalleilla-cr1\/","title":{"rendered":"Bico &#8220;French Lily&#8221; riipus kristalleilla (CR1)"},"content":{"rendered":"<p><\/LI><LI> Bico -tunnusomaiset riipukset, ikoniset ja symboliset, koristeltu aitoilla Swarovskin kristalleilla. <BR><UL><LI>Nimi: ranskalainen lilja <\/LI><LI>Merkitys: Mystinen el\u00e4m\u00e4n suihkul\u00e4hde Aitoja Swarovskin kristalleja asetetaan <\/LI><LI> Bicon ainutlaatuiseen viimeistelyyn. Riipuksen leveys: 2,7 cm Pituus: 2,7 cm Silmukan halkaisija: 5 mm<\/p>","protected":false},"excerpt":{"rendered":"<p>CR1 0<\/p>\n","protected":false},"featured_media":18578,"template":"","meta":[],"product_cat":[277,291],"product_tag":[],"_links":{"self":[{"href":"https:\/\/bico.ee\/fi\/wp-json\/wp\/v2\/product\/18577"}],"collection":[{"href":"https:\/\/bico.ee\/fi\/wp-json\/wp\/v2\/product"}],"about":[{"href":"https:\/\/bico.ee\/fi\/wp-json\/wp\/v2\/types\/product"}],"wp:featuredmedia":[{"embeddable":true,"href":"https:\/\/bico.ee\/fi\/wp-json\/wp\/v2\/media\/18578"}],"wp:attachment":[{"href":"https:\/\/bico.ee\/fi\/wp-json\/wp\/v2\/media?parent=18577"}],"wp:term":[{"taxonomy":"product_cat","embeddable":true,"href":"https:\/\/bico.ee\/fi\/wp-json\/wp\/v2\/product_cat?post=18577"},{"taxonomy":"product_tag","embeddable":true,"href":"https:\/\/bico.ee\/fi\/wp-json\/wp\/v2\/product_tag?post=18577"}],"curies":[{"name":"wp","href":"https:\/\/api.w.org\/{rel}","templated":true}]}}