{"id":18615,"date":"2026-04-10T18:43:59","date_gmt":"2026-04-10T18:43:59","guid":{"rendered":""},"modified":"2026-04-10T18:43:59","modified_gmt":"2026-04-10T18:43:59","slug":"bico-isis-dances-kristallidega-ripats-cr41","status":"publish","type":"product","link":"https:\/\/bico.ee\/fi\/p\/bico-isis-dances-riipus-kristalleilla-cr41\/","title":{"rendered":"Bico &#8220;Isis Dances&#8221; riipus kristalleilla (CR41)"},"content":{"rendered":"<p><\/LI><LI> Bico -tunnusomaiset riipukset, ikoniset ja symboliset, koristeltu aitoilla Swarovskin kristalleilla. <BR><UL><LI>Nimi: Isis -tanssit <\/LI><LI>Merkitys: Jahtaa miljoonia hetki\u00e4, el\u00e4\u00e4 aitoja Swarovskin kristalleja, jotka on asetettu <\/LI><LI> Bicon ainutlaatuiseen viimeistelyyn. Riipuksen leveys: 2,8 cm Pituus: 2,8 cm Silmukan halkaisija: 4,7 mm<\/p>","protected":false},"excerpt":{"rendered":"<p>CR41 0<\/p>\n","protected":false},"featured_media":18616,"template":"","meta":[],"product_cat":[277,291],"product_tag":[],"_links":{"self":[{"href":"https:\/\/bico.ee\/fi\/wp-json\/wp\/v2\/product\/18615"}],"collection":[{"href":"https:\/\/bico.ee\/fi\/wp-json\/wp\/v2\/product"}],"about":[{"href":"https:\/\/bico.ee\/fi\/wp-json\/wp\/v2\/types\/product"}],"wp:featuredmedia":[{"embeddable":true,"href":"https:\/\/bico.ee\/fi\/wp-json\/wp\/v2\/media\/18616"}],"wp:attachment":[{"href":"https:\/\/bico.ee\/fi\/wp-json\/wp\/v2\/media?parent=18615"}],"wp:term":[{"taxonomy":"product_cat","embeddable":true,"href":"https:\/\/bico.ee\/fi\/wp-json\/wp\/v2\/product_cat?post=18615"},{"taxonomy":"product_tag","embeddable":true,"href":"https:\/\/bico.ee\/fi\/wp-json\/wp\/v2\/product_tag?post=18615"}],"curies":[{"name":"wp","href":"https:\/\/api.w.org\/{rel}","templated":true}]}}