{"id":18633,"date":"2026-04-10T18:43:59","date_gmt":"2026-04-10T18:43:59","guid":{"rendered":""},"modified":"2026-04-10T18:43:59","modified_gmt":"2026-04-10T18:43:59","slug":"bico-octopus-kristallidega-ripats-cr51","status":"publish","type":"product","link":"https:\/\/bico.ee\/fi\/p\/bico-octopus-riipus-kristalleilla-cr51\/","title":{"rendered":"Bico &#8220;Octopus&#8221; riipus kristalleilla (CR51)"},"content":{"rendered":"<p><\/LI><LI> Bico -tunnusomaiset riipukset, ikoniset ja symboliset, koristeltu aitoilla Swarovskin kristalleilla. <BR><UL><LI>Nimi: Mustekala <\/LI><LI>Merkitys: Mukautuva el\u00e4m\u00e4ss\u00e4 \u00c4lykk\u00e4\u00e4t aitot Swarovskin kristallit asetetaan <\/LI><LI> Bicon ainutlaatuiseen viimeistelyyn. Riipuksen leveys: 1,7 cm Pituus: 3,5 cm Silmukan halkaisija: 5 mm<\/p>","protected":false},"excerpt":{"rendered":"<p>CR51 0<\/p>\n","protected":false},"featured_media":18634,"template":"","meta":[],"product_cat":[277,291],"product_tag":[],"_links":{"self":[{"href":"https:\/\/bico.ee\/fi\/wp-json\/wp\/v2\/product\/18633"}],"collection":[{"href":"https:\/\/bico.ee\/fi\/wp-json\/wp\/v2\/product"}],"about":[{"href":"https:\/\/bico.ee\/fi\/wp-json\/wp\/v2\/types\/product"}],"wp:featuredmedia":[{"embeddable":true,"href":"https:\/\/bico.ee\/fi\/wp-json\/wp\/v2\/media\/18634"}],"wp:attachment":[{"href":"https:\/\/bico.ee\/fi\/wp-json\/wp\/v2\/media?parent=18633"}],"wp:term":[{"taxonomy":"product_cat","embeddable":true,"href":"https:\/\/bico.ee\/fi\/wp-json\/wp\/v2\/product_cat?post=18633"},{"taxonomy":"product_tag","embeddable":true,"href":"https:\/\/bico.ee\/fi\/wp-json\/wp\/v2\/product_tag?post=18633"}],"curies":[{"name":"wp","href":"https:\/\/api.w.org\/{rel}","templated":true}]}}