{"id":18655,"date":"2026-04-10T18:43:59","date_gmt":"2026-04-10T18:43:59","guid":{"rendered":""},"modified":"2026-04-10T18:43:59","modified_gmt":"2026-04-10T18:43:59","slug":"bico-petite-ripats-kristallidega-ms2-koos-ekstra-silmusega","status":"publish","type":"product","link":"https:\/\/bico.ee\/fi\/p\/bico-petite-riippuvalaisin-kristalleilla-ms2-ja-extra-loop\/","title":{"rendered":"Bico &#8220;Petite&#8221; riippuvalaisin kristalleilla (MS2) ja Extra Loop"},"content":{"rendered":"<p>Pienempi Bico -allekirjoitusriipus, ikoninen ja symbolinen, koristeltu aitoilla Swarovskin kristalleilla. Aitoja Swarovskin kristalleja, jotka on asetettu Bicon ainutlaatuiseen viimeistelyyn. t\u00e4m\u00e4 riipus ja toinen suurempi Bico -riipus Saatavilla olevat v\u00e4rit: sininen, vaaleansininen, vaaleanpunainen, kirkas. Riipuksen leveys: 1,4 cm Pituus: 1,4 cm<\/p>","protected":false},"excerpt":{"rendered":"<p>MS2 0<\/p>\n","protected":false},"featured_media":18656,"template":"","meta":[],"product_cat":[277,292],"product_tag":[],"_links":{"self":[{"href":"https:\/\/bico.ee\/fi\/wp-json\/wp\/v2\/product\/18655"}],"collection":[{"href":"https:\/\/bico.ee\/fi\/wp-json\/wp\/v2\/product"}],"about":[{"href":"https:\/\/bico.ee\/fi\/wp-json\/wp\/v2\/types\/product"}],"wp:featuredmedia":[{"embeddable":true,"href":"https:\/\/bico.ee\/fi\/wp-json\/wp\/v2\/media\/18656"}],"wp:attachment":[{"href":"https:\/\/bico.ee\/fi\/wp-json\/wp\/v2\/media?parent=18655"}],"wp:term":[{"taxonomy":"product_cat","embeddable":true,"href":"https:\/\/bico.ee\/fi\/wp-json\/wp\/v2\/product_cat?post=18655"},{"taxonomy":"product_tag","embeddable":true,"href":"https:\/\/bico.ee\/fi\/wp-json\/wp\/v2\/product_tag?post=18655"}],"curies":[{"name":"wp","href":"https:\/\/api.w.org\/{rel}","templated":true}]}}