{"id":18683,"date":"2026-04-10T18:43:59","date_gmt":"2026-04-10T18:43:59","guid":{"rendered":""},"modified":"2026-04-10T18:43:59","modified_gmt":"2026-04-10T18:43:59","slug":"bico-shell-kuulketiga-kaelakee-f8-4-5mm","status":"publish","type":"product","link":"https:\/\/bico.ee\/fi\/p\/bico-shell-palloketjukaulakoru-f8-4-5mm\/","title":{"rendered":"Bico &#8220;Shell&#8221; palloketjukaulakoru (F8) 4,5mm"},"content":{"rendered":"<p>T\u00e4m\u00e4 palloketju on valmistettu messingist\u00e4, ei ter\u00e4ksest\u00e4 tai sinkist\u00e4, kuten halvemmat ketjut. Ketju on p\u00e4\u00e4llystetty puhtaalla hopealla, hapettu, matta viimeistelty k\u00e4sin ja p\u00e4\u00e4llystetty premium -suojakerroksella pident\u00e4m\u00e4\u00e4n kulumista. Pituutta voidaan s\u00e4\u00e4t\u00e4\u00e4 kiert\u00e4m\u00e4ll\u00e4 ketju lukon l\u00e4pi ja ketjua voidaan lyhent\u00e4\u00e4 leikkaamalla lenkkien v\u00e4liin. Jokainen ketju on valmistettu kiinte\u00e4st\u00e4 messingist\u00e4, sitten hopeoitu ja k\u00e4sin kiillotettu ainutlaatuisen hapettuneen satiinipinnan luomiseksi. Saatavilla olevat pituudet: 48 cm ja 60 cm Bico tarjoaa valikoiman alkuper\u00e4isi\u00e4 riipuksia sarjan t\u00e4ydent\u00e4miseksi.<\/p>","protected":false},"excerpt":{"rendered":"<p>F8 0<\/p>\n","protected":false},"featured_media":18684,"template":"","meta":[],"product_cat":[199],"product_tag":[],"_links":{"self":[{"href":"https:\/\/bico.ee\/fi\/wp-json\/wp\/v2\/product\/18683"}],"collection":[{"href":"https:\/\/bico.ee\/fi\/wp-json\/wp\/v2\/product"}],"about":[{"href":"https:\/\/bico.ee\/fi\/wp-json\/wp\/v2\/types\/product"}],"wp:featuredmedia":[{"embeddable":true,"href":"https:\/\/bico.ee\/fi\/wp-json\/wp\/v2\/media\/18684"}],"wp:attachment":[{"href":"https:\/\/bico.ee\/fi\/wp-json\/wp\/v2\/media?parent=18683"}],"wp:term":[{"taxonomy":"product_cat","embeddable":true,"href":"https:\/\/bico.ee\/fi\/wp-json\/wp\/v2\/product_cat?post=18683"},{"taxonomy":"product_tag","embeddable":true,"href":"https:\/\/bico.ee\/fi\/wp-json\/wp\/v2\/product_tag?post=18683"}],"curies":[{"name":"wp","href":"https:\/\/api.w.org\/{rel}","templated":true}]}}