{"id":18689,"date":"2026-04-10T18:43:59","date_gmt":"2026-04-10T18:43:59","guid":{"rendered":""},"modified":"2026-04-10T18:43:59","modified_gmt":"2026-04-10T18:43:59","slug":"bico-crowbar-kuulketiga-kaelakee-f11-6mm-1-4","status":"publish","type":"product","link":"https:\/\/bico.ee\/fi\/p\/bico-crowbar-palloketjukaulakoru-f11-6mm-1-4\/","title":{"rendered":"Bico &#8220;Crowbar&#8221; palloketjukaulakoru (F11) 6mm-1\/4&#8243;"},"content":{"rendered":"<p>T\u00e4m\u00e4 palloketju on valmistettu messingist\u00e4, ei ter\u00e4ksest\u00e4 tai sinkist\u00e4, kuten halvemmat ketjut. Ketju on p\u00e4\u00e4llystetty puhtaalla hopealla, hapettu, matta viimeistelty k\u00e4sin ja p\u00e4\u00e4llystetty premium -suojakerroksella pident\u00e4m\u00e4\u00e4n kulumista. Pituutta voidaan s\u00e4\u00e4t\u00e4\u00e4 kiert\u00e4m\u00e4ll\u00e4 ketju lukon l\u00e4pi ja ketjua voidaan lyhent\u00e4\u00e4 leikkaamalla lenkkien v\u00e4liin. Suuri ketju, jota voidaan k\u00e4ytt\u00e4\u00e4 ilman riipusta Jokainen ketju on valmistettu kiinte\u00e4st\u00e4 messingist\u00e4, hopeoitu ja kiillotettu k\u00e4sin ainutlaatuisen hapettuneen satiinipinnan luomiseksi. Saatavilla olevat pituudet: 48 cm ja 60 cm Saatavana nelj\u00e4 eri paksuutta: F0, F9, F10, F11.<\/p>","protected":false},"excerpt":{"rendered":"<p>F11 0<\/p>\n","protected":false},"featured_media":18690,"template":"","meta":[],"product_cat":[199],"product_tag":[],"_links":{"self":[{"href":"https:\/\/bico.ee\/fi\/wp-json\/wp\/v2\/product\/18689"}],"collection":[{"href":"https:\/\/bico.ee\/fi\/wp-json\/wp\/v2\/product"}],"about":[{"href":"https:\/\/bico.ee\/fi\/wp-json\/wp\/v2\/types\/product"}],"wp:featuredmedia":[{"embeddable":true,"href":"https:\/\/bico.ee\/fi\/wp-json\/wp\/v2\/media\/18690"}],"wp:attachment":[{"href":"https:\/\/bico.ee\/fi\/wp-json\/wp\/v2\/media?parent=18689"}],"wp:term":[{"taxonomy":"product_cat","embeddable":true,"href":"https:\/\/bico.ee\/fi\/wp-json\/wp\/v2\/product_cat?post=18689"},{"taxonomy":"product_tag","embeddable":true,"href":"https:\/\/bico.ee\/fi\/wp-json\/wp\/v2\/product_tag?post=18689"}],"curies":[{"name":"wp","href":"https:\/\/api.w.org\/{rel}","templated":true}]}}