{"id":18693,"date":"2026-04-10T18:43:59","date_gmt":"2026-04-10T18:43:59","guid":{"rendered":""},"modified":"2026-04-10T18:43:59","modified_gmt":"2026-04-10T18:43:59","slug":"bico-rain-ketikaelakee-f13-3mm-1-8","status":"publish","type":"product","link":"https:\/\/bico.ee\/fi\/p\/bico-rain-ketjukaulakoru-f13-3mm-1-8\/","title":{"rendered":"Bico &#8220;Rain&#8221;  ketjukaulakoru (F13) 3mm 1\/8\u2033"},"content":{"rendered":"<p>T\u00e4m\u00e4 ketju on valmistettu kiinte\u00e4st\u00e4 messingist\u00e4, ei ter\u00e4ksest\u00e4 tai sinkist\u00e4, kuten halvemmat ketjut. Ketju on p\u00e4\u00e4llystetty puhtaalla hopealla, hapettu, matta viimeistelty k\u00e4sin ja p\u00e4\u00e4llystetty premium -suojakerroksella pident\u00e4m\u00e4\u00e4n kulumista. Jokainen ketju on valmistettu kiinte\u00e4st\u00e4 messingist\u00e4, sitten hopeoitu ja k\u00e4sin kiillotettu ainutlaatuisen hapettuneen satiinipinnan luomiseksi. Saatavilla olevat pituudet: 40, 45, 50 ja 55 cm Saatavana kolmessa eri paksuudessa: F12, F13, F20 Bico tarjoaa valikoiman alkuper\u00e4isi\u00e4 riipuksia tai vastaavan rannekkeen (FB13) sarjan t\u00e4ydent\u00e4miseksi.<\/p>","protected":false},"excerpt":{"rendered":"<p>F13 0<\/p>\n","protected":false},"featured_media":18694,"template":"","meta":[],"product_cat":[199],"product_tag":[],"_links":{"self":[{"href":"https:\/\/bico.ee\/fi\/wp-json\/wp\/v2\/product\/18693"}],"collection":[{"href":"https:\/\/bico.ee\/fi\/wp-json\/wp\/v2\/product"}],"about":[{"href":"https:\/\/bico.ee\/fi\/wp-json\/wp\/v2\/types\/product"}],"wp:featuredmedia":[{"embeddable":true,"href":"https:\/\/bico.ee\/fi\/wp-json\/wp\/v2\/media\/18694"}],"wp:attachment":[{"href":"https:\/\/bico.ee\/fi\/wp-json\/wp\/v2\/media?parent=18693"}],"wp:term":[{"taxonomy":"product_cat","embeddable":true,"href":"https:\/\/bico.ee\/fi\/wp-json\/wp\/v2\/product_cat?post=18693"},{"taxonomy":"product_tag","embeddable":true,"href":"https:\/\/bico.ee\/fi\/wp-json\/wp\/v2\/product_tag?post=18693"}],"curies":[{"name":"wp","href":"https:\/\/api.w.org\/{rel}","templated":true}]}}