{"id":18707,"date":"2026-04-10T18:43:59","date_gmt":"2026-04-10T18:43:59","guid":{"rendered":""},"modified":"2026-04-10T18:43:59","modified_gmt":"2026-04-10T18:43:59","slug":"bico-cage-keti-kaelakee-f22-6mm-1-4","status":"publish","type":"product","link":"https:\/\/bico.ee\/fi\/p\/bico-cage-ketjukaulakoru-f22-6mm-1-4\/","title":{"rendered":"Bico &#8220;Cage&#8221;  ketjukaulakoru (F22) 6mm 1\/4\u2033"},"content":{"rendered":"<p>T\u00e4m\u00e4 ketju on valmistettu kiinte\u00e4st\u00e4 messingist\u00e4, ei ter\u00e4ksest\u00e4 tai sinkist\u00e4, kuten halvemmat ketjut. Ketju on p\u00e4\u00e4llystetty puhtaalla hopealla, hapettu, matta viimeistelty k\u00e4sin ja p\u00e4\u00e4llystetty premium -suojakerroksella pident\u00e4m\u00e4\u00e4n kulumista. Suuri ketju, jota voidaan k\u00e4ytt\u00e4\u00e4 ilman riipusta Jokainen ketju on valmistettu kiinte\u00e4st\u00e4 messingist\u00e4, hopeoitu ja kiillotettu k\u00e4sin ainutlaatuisen hapettuneen satiinipinnan luomiseksi. Saatavilla olevat pituudet: 45, 50 ja 55 cm.<\/p>","protected":false},"excerpt":{"rendered":"<p>F22 0<\/p>\n","protected":false},"featured_media":18708,"template":"","meta":[],"product_cat":[199],"product_tag":[],"_links":{"self":[{"href":"https:\/\/bico.ee\/fi\/wp-json\/wp\/v2\/product\/18707"}],"collection":[{"href":"https:\/\/bico.ee\/fi\/wp-json\/wp\/v2\/product"}],"about":[{"href":"https:\/\/bico.ee\/fi\/wp-json\/wp\/v2\/types\/product"}],"wp:featuredmedia":[{"embeddable":true,"href":"https:\/\/bico.ee\/fi\/wp-json\/wp\/v2\/media\/18708"}],"wp:attachment":[{"href":"https:\/\/bico.ee\/fi\/wp-json\/wp\/v2\/media?parent=18707"}],"wp:term":[{"taxonomy":"product_cat","embeddable":true,"href":"https:\/\/bico.ee\/fi\/wp-json\/wp\/v2\/product_cat?post=18707"},{"taxonomy":"product_tag","embeddable":true,"href":"https:\/\/bico.ee\/fi\/wp-json\/wp\/v2\/product_tag?post=18707"}],"curies":[{"name":"wp","href":"https:\/\/api.w.org\/{rel}","templated":true}]}}