{"id":18745,"date":"2026-04-10T18:44:00","date_gmt":"2026-04-10T18:44:00","guid":{"rendered":""},"modified":"2026-04-10T18:44:00","modified_gmt":"2026-04-10T18:44:00","slug":"bico-snake-must-ketikaelakee-f100-must-3mm-1-8","status":"publish","type":"product","link":"https:\/\/bico.ee\/fi\/p\/bico-snake-ketjukaulakoru-f100-musta-3mm-1-8\/","title":{"rendered":"Bico &#8220;Snake&#8221;  ketjukaulakoru (F100 musta) 3mm 1\/8\u2033"},"content":{"rendered":"<p>T\u00e4m\u00e4 ketju on valmistettu kiinte\u00e4st\u00e4 messingist\u00e4, ei ter\u00e4ksest\u00e4 tai sinkist\u00e4, kuten halvemmat ketjut. Ketju on p\u00e4\u00e4llystetty mustalla viimeistelyll\u00e4, k\u00e4sin kiillotettu ja sitten p\u00e4\u00e4llystetty ensiluokkaisella suojakerroksella pident\u00e4\u00e4kseen k\u00e4ytt\u00f6ik\u00e4\u00e4. Jokainen ketju on valmistettu kiinte\u00e4st\u00e4 messingist\u00e4 ja sitten p\u00e4\u00e4llystetty mustan viimeistelyn aikaansaamiseksi. Saatavilla olevat pituudet: 40, 45, 50 ja 55 cm Bico tarjoaa valikoiman mustia viimeisteltyj\u00e4 Bico -riipuksia sarjan t\u00e4ydent\u00e4miseksi.<\/p>","protected":false},"excerpt":{"rendered":"<p>F100BLK 0<\/p>\n","protected":false},"featured_media":18746,"template":"","meta":[],"product_cat":[302],"product_tag":[],"_links":{"self":[{"href":"https:\/\/bico.ee\/fi\/wp-json\/wp\/v2\/product\/18745"}],"collection":[{"href":"https:\/\/bico.ee\/fi\/wp-json\/wp\/v2\/product"}],"about":[{"href":"https:\/\/bico.ee\/fi\/wp-json\/wp\/v2\/types\/product"}],"wp:featuredmedia":[{"embeddable":true,"href":"https:\/\/bico.ee\/fi\/wp-json\/wp\/v2\/media\/18746"}],"wp:attachment":[{"href":"https:\/\/bico.ee\/fi\/wp-json\/wp\/v2\/media?parent=18745"}],"wp:term":[{"taxonomy":"product_cat","embeddable":true,"href":"https:\/\/bico.ee\/fi\/wp-json\/wp\/v2\/product_cat?post=18745"},{"taxonomy":"product_tag","embeddable":true,"href":"https:\/\/bico.ee\/fi\/wp-json\/wp\/v2\/product_tag?post=18745"}],"curies":[{"name":"wp","href":"https:\/\/api.w.org\/{rel}","templated":true}]}}