{"id":18751,"date":"2026-04-10T18:44:00","date_gmt":"2026-04-10T18:44:00","guid":{"rendered":""},"modified":"2026-04-10T18:44:00","modified_gmt":"2026-04-10T18:44:00","slug":"bico-meteor-keti-kaelakee-ft101-3mm-1-8","status":"publish","type":"product","link":"https:\/\/bico.ee\/fi\/p\/bico-meteor-ketjukaulakoru-ft101-3mm-1-8\/","title":{"rendered":"Bico &#8220;Meteor&#8221;  ketjukaulakoru (FT101) 3mm 1\/8\u2033"},"content":{"rendered":"<p>T\u00e4m\u00e4 ketju on valmistettu kiinte\u00e4st\u00e4 messingist\u00e4, ei ter\u00e4st\u00e4 tai sinkki\u00e4, kuten halvemmat ketjut. Ketju on p\u00e4\u00e4llystetty puhtaalla hopealla, hapettu, kiillotettu k\u00e4sin kiilt\u00e4v\u00e4ksi ja p\u00e4\u00e4llystetty sitten ensiluokkaisella suojakerroksella pident\u00e4\u00e4kseen k\u00e4ytt\u00f6ik\u00e4\u00e4. T\u00e4ydellinen yhdistett\u00e4v\u00e4ksi BICO BT- ja BTS -riippuvalaisimien kanssa. Jokainen ketju on valmistettu kiinte\u00e4st\u00e4 messingist\u00e4 ja p\u00e4\u00e4llystetty sitten puhtaalla hopeakerroksella. Saatavilla olevat pituudet: 40, 45, 50 ja 55 cm Bico tarjoaa valikoiman kiillotettuja BT -riipuksia sarjan t\u00e4ydent\u00e4miseksi.<\/p>","protected":false},"excerpt":{"rendered":"<p>FT101 0<\/p>\n","protected":false},"featured_media":26388,"template":"","meta":[],"product_cat":[204],"product_tag":[],"_links":{"self":[{"href":"https:\/\/bico.ee\/fi\/wp-json\/wp\/v2\/product\/18751"}],"collection":[{"href":"https:\/\/bico.ee\/fi\/wp-json\/wp\/v2\/product"}],"about":[{"href":"https:\/\/bico.ee\/fi\/wp-json\/wp\/v2\/types\/product"}],"wp:featuredmedia":[{"embeddable":true,"href":"https:\/\/bico.ee\/fi\/wp-json\/wp\/v2\/media\/26388"}],"wp:attachment":[{"href":"https:\/\/bico.ee\/fi\/wp-json\/wp\/v2\/media?parent=18751"}],"wp:term":[{"taxonomy":"product_cat","embeddable":true,"href":"https:\/\/bico.ee\/fi\/wp-json\/wp\/v2\/product_cat?post=18751"},{"taxonomy":"product_tag","embeddable":true,"href":"https:\/\/bico.ee\/fi\/wp-json\/wp\/v2\/product_tag?post=18751"}],"curies":[{"name":"wp","href":"https:\/\/api.w.org\/{rel}","templated":true}]}}